{"id":6582,"date":"2020-05-26T10:22:26","date_gmt":"2020-05-26T08:22:26","guid":{"rendered":"https:\/\/www.forlivinginterior.ch\/?page_id=6582"},"modified":"2020-05-26T10:22:27","modified_gmt":"2020-05-26T08:22:27","slug":"note-legali","status":"publish","type":"page","link":"https:\/\/www.forlivinginterior.ch\/en\/note-legali\/","title":{"rendered":"Note Legali"},"content":{"rendered":"\n\n\t<section class=\"section\" id=\"section_665300288\">\n\t\t<div class=\"section-bg fill\" >\n\t\t\t\t\t\t\t\t\t\n\t\t\t\n\n\t\t<\/div>\n\n\t\t\n\n\t\t<div class=\"section-content relative\">\n\t\t\t\n\n<div class=\"row\"  id=\"row-1119956994\">\n\n\n\t<div id=\"col-1076657192\" class=\"col small-12 large-12\"  >\n\t\t\t\t<div class=\"col-inner\"  >\n\t\t\t\n\t\t\t\n\n<p>Translate this page in:<\/p>\n<div id=\"google_translate_element\">&nbsp;<\/div>\n<p align=\"justify\"><script type=\"text\/javascript\">\nfunction googleTranslateElementInit() {\nnew google.translate.TranslateElement({pageLanguage: 'it'}, 'google_translate_element');\n}\n<\/script><br><script type=\"text\/javascript\" src=\"\/\/translate.google.com\/translate_a\/element.js?cb=googleTranslateElementInit\"><\/script><\/p>\n<h1><strong>Note Legali <\/strong><\/h1>\n<p align=\"justify\">Le informazioni contenute nel sito di For Living SRL sono soggette ai termini e alle condizioni riportate di seguito.<\/p>\n<p align=\"justify\"><strong>Copyright <\/strong><\/p>\n<p align=\"justify\">Tutti i contenuti &#8211; testuali, fotografie, info-grafiche, video e altri materiali multimediali &#8211; presenti all\u2019interno dei siti di For Living SRL sono da considerarsi di propriet\u00e0 di For Living Srl. Possono essere riprodotti liberamente, ma devono essere sempre accreditati al canale di riferimento.<\/p>\n<p align=\"justify\">L\u2019utente accetta di utilizzare questo sito solo per scopi legittimi.<\/p>\n<p align=\"justify\">Il testo e i moduli presenti su questo sito, dove non diversamente specificato e comunque nei limiti del presente documento, sono soggetti alla propriet\u00e0 del detentore.<\/p>\n<p align=\"justify\">Non \u00e8 consentito modificare, copiare, utilizzare, distribuire o sfruttare in nessun modo i contenuti coperti da diritti di propriet\u00e0 intellettuale e\/o industriale di questo sito, che non rientrano nei termini della licenza indicata nel paragrafo precedente. In particolare, l\u2019utilizzo di qualunque software scaricabile dal sito deve sottostare ai termini della relativa licenza associata o acclusa al software. Tutti i marchi registrati, i marchi di servizi e i nomi registrati in questo sito sono marchi dei rispettivi proprietari e ne \u00e8 quindi severamente vietato qualunque uso non autorizzato.<\/p>\n<p align=\"justify\"><strong>Contenuti pubblicati e limitazione di responsabilit\u00e0 <\/strong><\/p>\n<p align=\"justify\">For Living SRL predilige il sito internet come canale di informazione primario nei confronti dell\u2019utenza. Il nostro obiettivo \u00e8 quindi quello di fornire un\u2019informazione quanto pi\u00f9 aggiornata ed esaustiva. Nel caso in cui l\u2019utente riscontrasse degli errori o delle incompletezze, potr\u00e0 segnalarlo all\u2019ufficio competente che provveder\u00e0 tempestivamente ad aggiornare i dati. A volte, per completezza dell\u2019informazione, \u00e8 necessario fare ricorso a risorse esterne (es. testi normativi, software, ecc.), sulle quali For Living SRL non ha controllo e non pu\u00f2 quindi garantire la loro correttezza o attendibilit\u00e0 e pertanto non si assume alcuna responsabilit\u00e0.<\/p>\n<p align=\"justify\">Si ricorda inoltre che, ad esclusione dei casi previsti dalla normativa vigente, le informazioni pubblicate non hanno carattere ufficiale.<\/p>\n<p align=\"justify\">For Living SRL pone la massima cura nella qualit\u00e0 delle informazioni pubblicate. Ciononostante, in relazione alla grande variet\u00e0 di fonti utilizzate, interne ed esterne, ed al grande numero di pagine disponibili, \u00e8 bene tener presente che con il passare del tempo le informazioni potrebbero perdere la loro validit\u00e0 e attendibilit\u00e0. Si consiglia pertanto di prendere visione, ove presente, della data di ultimo aggiornamento pubblicata nella pagina consultata.<\/p>\n<p align=\"justify\">For Living SRL declina ogni responsabilit\u00e0 per eventuali conseguenze dannose che possano derivare agli utenti da involontarie imprecisioni o errori materiali presenti nelle informazioni. Si riserva inoltre il diritto di modificare i contenuti del sito e delle presenti note, in qualsiasi momento, e senza alcun preavviso.<\/p>\n<p align=\"justify\">\u00c8 cura di For Living SRL ridurre al minimo le disfunzioni imputabili a problemi tecnici. Parte dei dati o delle informazioni presenti nelle pagine potrebbero tuttavia essere stati inseriti o strutturati in archivi o formati non esenti da errori, For Living SRL non pu\u00f2 pertanto garantire che il servizio non subisca interruzioni o che esso non sia in altro modo influenzato da tali problemi.<\/p>\n<p align=\"justify\">Quanto reperibile via download in queste pagine pu\u00f2 essere coperto da copyright, diritti d\u2019uso e\/o copia dei rispettivi proprietari, pertanto si invita a verificare condizioni di utilizzo e diritti. For Living SRL si ritiene esplicitamente sollevata da qualsiasi responsabilit\u00e0 in merito all\u2019eventuale violazione da parte dell\u2019utente dei diritti di propriet\u00e0 intellettuale di soggetti terzi.<\/p>\n<p align=\"justify\"><strong>Reinoltro a siti esterni <\/strong><\/p>\n<p align=\"justify\">For Living SRL non assume alcuna responsabilit\u00e0 in ordine al contenuto dei siti a cui \u00e8 possibile accedere tramite i collegamenti posti all\u2019interno del sito stesso, forniti come semplice servizio agli utenti. La loro presenza non implica n\u00e9 l\u2019approvazione dei contenuti ivi presentati n\u00e9 alcuna forma di assicurazione circa la qualit\u00e0 dei servizi o dei prodotti ivi disponibili.<\/p>\n<p align=\"justify\"><strong>Virus Informatici <\/strong><\/p>\n<p align=\"justify\">For Living SRL, per quanto adotti sistemi di protezione costantemente aggiornati, non garantisce che il sito non sia affetto da virus o sia privo di errori di esecuzione eventualmente ingenerati dagli stessi. For Living SRL non si assume nessuna responsabilit\u00e0 per i danni subiti dall\u2019utente a causa di tali elementi di carattere distruttivo.<\/p>\n<p align=\"justify\">Al presente sito si applica la normativa in vigore sul territorio della Repubblica Italiana.<\/p>\n\n\t\t<\/div>\n\t\t\t\t\t<\/div>\n\n\t\n\n<\/div>\n\n\t\t<\/div>\n\n\t\t\n<style>\n#section_665300288 {\n  padding-top: 30px;\n  padding-bottom: 30px;\n}\n<\/style>\n\t<\/section>\n\t\n","protected":false},"excerpt":{"rendered":"","protected":false},"author":1,"featured_media":0,"parent":0,"menu_order":0,"comment_status":"closed","ping_status":"closed","template":"","meta":{"inline_featured_image":false,"footnotes":""},"class_list":["post-6582","page","type-page","status-publish","hentry"],"yoast_head":"<!-- This site is optimized with the Yoast SEO plugin v27.5 - https:\/\/yoast.com\/product\/yoast-seo-wordpress\/ -->\n<title>Note Legali - For Living<\/title>\n<meta name=\"robots\" content=\"index, nofollow, max-snippet:-1, max-image-preview:large, max-video-preview:-1\" \/>\n<link rel=\"canonical\" href=\"https:\/\/www.forlivinginterior.ch\/en\/note-legali\/\" \/>\n<meta property=\"og:locale\" content=\"en_US\" \/>\n<meta property=\"og:type\" content=\"article\" \/>\n<meta property=\"og:title\" content=\"Note Legali - For Living\" \/>\n<meta property=\"og:url\" content=\"https:\/\/www.forlivinginterior.ch\/en\/note-legali\/\" \/>\n<meta property=\"og:site_name\" content=\"For Living\" \/>\n<meta property=\"article:modified_time\" content=\"2020-05-26T08:22:27+00:00\" \/>\n<meta name=\"twitter:card\" content=\"summary_large_image\" \/>\n<meta name=\"twitter:label1\" content=\"Est. reading time\" \/>\n\t<meta name=\"twitter:data1\" content=\"3 minutes\" \/>\n<script type=\"application\/ld+json\" class=\"yoast-schema-graph\">{\"@context\":\"https:\\\/\\\/schema.org\",\"@graph\":[{\"@type\":\"WebPage\",\"@id\":\"https:\\\/\\\/www.forlivinginterior.ch\\\/en\\\/note-legali\\\/\",\"url\":\"https:\\\/\\\/www.forlivinginterior.ch\\\/en\\\/note-legali\\\/\",\"name\":\"Note Legali - For Living\",\"isPartOf\":{\"@id\":\"https:\\\/\\\/www.forlivinginterior.ch\\\/#website\"},\"datePublished\":\"2020-05-26T08:22:26+00:00\",\"dateModified\":\"2020-05-26T08:22:27+00:00\",\"breadcrumb\":{\"@id\":\"https:\\\/\\\/www.forlivinginterior.ch\\\/en\\\/note-legali\\\/#breadcrumb\"},\"inLanguage\":\"en-US\",\"potentialAction\":[{\"@type\":\"ReadAction\",\"target\":[\"https:\\\/\\\/www.forlivinginterior.ch\\\/en\\\/note-legali\\\/\"]}]},{\"@type\":\"BreadcrumbList\",\"@id\":\"https:\\\/\\\/www.forlivinginterior.ch\\\/en\\\/note-legali\\\/#breadcrumb\",\"itemListElement\":[{\"@type\":\"ListItem\",\"position\":1,\"name\":\"Home\",\"item\":\"https:\\\/\\\/www.forlivinginterior.ch\\\/en\\\/\"},{\"@type\":\"ListItem\",\"position\":2,\"name\":\"Note Legali\"}]},{\"@type\":\"WebSite\",\"@id\":\"https:\\\/\\\/www.forlivinginterior.ch\\\/#website\",\"url\":\"https:\\\/\\\/www.forlivinginterior.ch\\\/\",\"name\":\"For Living\",\"description\":\"Bespoke made in Italy interiors.\",\"potentialAction\":[{\"@type\":\"SearchAction\",\"target\":{\"@type\":\"EntryPoint\",\"urlTemplate\":\"https:\\\/\\\/www.forlivinginterior.ch\\\/?s={search_term_string}\"},\"query-input\":{\"@type\":\"PropertyValueSpecification\",\"valueRequired\":true,\"valueName\":\"search_term_string\"}}],\"inLanguage\":\"en-US\"}]}<\/script>\n<!-- \/ Yoast SEO plugin. -->","yoast_head_json":{"title":"Note Legali - For Living","robots":{"index":"index","follow":"nofollow","max-snippet":"max-snippet:-1","max-image-preview":"max-image-preview:large","max-video-preview":"max-video-preview:-1"},"canonical":"https:\/\/www.forlivinginterior.ch\/en\/note-legali\/","og_locale":"en_US","og_type":"article","og_title":"Note Legali - For Living","og_url":"https:\/\/www.forlivinginterior.ch\/en\/note-legali\/","og_site_name":"For Living","article_modified_time":"2020-05-26T08:22:27+00:00","twitter_card":"summary_large_image","twitter_misc":{"Est. reading time":"3 minutes"},"schema":{"@context":"https:\/\/schema.org","@graph":[{"@type":"WebPage","@id":"https:\/\/www.forlivinginterior.ch\/en\/note-legali\/","url":"https:\/\/www.forlivinginterior.ch\/en\/note-legali\/","name":"Note Legali - For Living","isPartOf":{"@id":"https:\/\/www.forlivinginterior.ch\/#website"},"datePublished":"2020-05-26T08:22:26+00:00","dateModified":"2020-05-26T08:22:27+00:00","breadcrumb":{"@id":"https:\/\/www.forlivinginterior.ch\/en\/note-legali\/#breadcrumb"},"inLanguage":"en-US","potentialAction":[{"@type":"ReadAction","target":["https:\/\/www.forlivinginterior.ch\/en\/note-legali\/"]}]},{"@type":"BreadcrumbList","@id":"https:\/\/www.forlivinginterior.ch\/en\/note-legali\/#breadcrumb","itemListElement":[{"@type":"ListItem","position":1,"name":"Home","item":"https:\/\/www.forlivinginterior.ch\/en\/"},{"@type":"ListItem","position":2,"name":"Note Legali"}]},{"@type":"WebSite","@id":"https:\/\/www.forlivinginterior.ch\/#website","url":"https:\/\/www.forlivinginterior.ch\/","name":"For Living","description":"Bespoke made in Italy interiors.","potentialAction":[{"@type":"SearchAction","target":{"@type":"EntryPoint","urlTemplate":"https:\/\/www.forlivinginterior.ch\/?s={search_term_string}"},"query-input":{"@type":"PropertyValueSpecification","valueRequired":true,"valueName":"search_term_string"}}],"inLanguage":"en-US"}]}},"_links":{"self":[{"href":"https:\/\/www.forlivinginterior.ch\/en\/wp-json\/wp\/v2\/pages\/6582","targetHints":{"allow":["GET"]}}],"collection":[{"href":"https:\/\/www.forlivinginterior.ch\/en\/wp-json\/wp\/v2\/pages"}],"about":[{"href":"https:\/\/www.forlivinginterior.ch\/en\/wp-json\/wp\/v2\/types\/page"}],"author":[{"embeddable":true,"href":"https:\/\/www.forlivinginterior.ch\/en\/wp-json\/wp\/v2\/users\/1"}],"replies":[{"embeddable":true,"href":"https:\/\/www.forlivinginterior.ch\/en\/wp-json\/wp\/v2\/comments?post=6582"}],"version-history":[{"count":0,"href":"https:\/\/www.forlivinginterior.ch\/en\/wp-json\/wp\/v2\/pages\/6582\/revisions"}],"wp:attachment":[{"href":"https:\/\/www.forlivinginterior.ch\/en\/wp-json\/wp\/v2\/media?parent=6582"}],"curies":[{"name":"wp","href":"https:\/\/api.w.org\/{rel}","templated":true}]}}