{"id":11806,"date":"2022-09-10T14:14:07","date_gmt":"2022-09-10T12:14:07","guid":{"rendered":"https:\/\/www.forlivinginterior.ch\/?page_id=11806"},"modified":"2022-11-01T10:21:23","modified_gmt":"2022-11-01T09:21:23","slug":"datenschutzerkl%d3%93rung","status":"publish","type":"page","link":"https:\/\/www.forlivinginterior.ch\/de\/datenschutzerkl%d3%93rung\/","title":{"rendered":"DATENSCHUTZERKL\u04d2RUNG"},"content":{"rendered":"\n\n\t<section class=\"section\" id=\"section_956733000\">\n\t\t<div class=\"section-bg fill\" >\n\t\t\t\t\t\t\t\t\t\n\t\t\t\n\n\t\t<\/div>\n\n\t\t\n\n\t\t<div class=\"section-content relative\">\n\t\t\t\n\n<div class=\"row\"  id=\"row-2072314243\">\n\n\n\t<div id=\"col-1183587949\" class=\"col small-12 large-12\"  >\n\t\t\t\t<div class=\"col-inner\"  >\n\t\t\t\n\t\t\t\n\n<p>Translate this page in:<\/p>\n<div id=\"google_translate_element\">&nbsp;<\/div>\n<p align=\"justify\"><script type=\"text\/javascript\"><br \/>\nfunction googleTranslateElementInit() {<br \/>\nnew google.translate.TranslateElement({pageLanguage: 'it'}, 'google_translate_element');<br \/>\n}<br \/>\n<\/script><br \/><script type=\"text\/javascript\" src=\"\/\/translate.google.com\/translate_a\/element.js?cb=googleTranslateElementInit\"><\/script><\/p>\n<h1>DATENSCHUTZERKL\u04d2RUNG<\/h1>\n<h5><i>Verantwortlicher der Datenverwaltung<\/i><\/h5>\n<p align=\"justify\">Forliving Interiors S.r.l., Firmensitz in Via Durini 2, 20122 Milano, VAT Nummer 06860540969.<br \/>\nKontakt: info@for-living.it.<br \/>\nWebsitenutzer k\u00f6nnen uns per E-Mail kontaktieren, um die in der EU-Verordnung festgelegten Rechte auszu\u00fcben. DSGVO 679\/2016.<\/p>\n<p align=\"justify\"><strong>Verantwortung f\u00fcr die Verwaltung Ihrer Daten<\/strong><br \/>Bei Fragen zur Datenschutzerkl\u00e4rung oder zur Aus\u00fcbung Ihrer Rechte, k\u00f6nnen Sie sich an unseren Manager wenden. Wenn Sie eine Best\u00e4tigung \u00fcber die Existenz, den Inhalt und die Herkunft Ihrer Daten erhalten oder ihre Richtigkeit \u00fcberpr\u00fcfen m\u00f6chten, ihre Integration, Aktualisierung, Berichtigung (Artikel 7 des Gesetzesdekrets Nr. 196\/2003) oder ihre L\u00f6schung beantragen m\u00f6chten, kontaktieren Sie bitte unseren Manager Paolo Curzi :<br \/>\n&#8211; per Telefon unter der Nummer +39 02 84193541<br \/>\n&#8211;  per E-Mail an info@for-living.it<br \/>\n&#8211; schriftlich an Forliving Interiors S.r.l.,  Via Durini 2, 20122 Mailand<\/p>\n<p align=\"justify\"><strong>Informativer Inhalt<\/strong><br \/>W\u00e4hrend des Registrierungs- und Kontaktprozesses regelt diese Datenschutzerkl\u00e4rung alle Beziehungen zwischen der Forliving Interiors S.r.l. mit USt-IdNr. 06860540969 und Sitz in Via Durini 2, 20122 Mailand, und dem anfragendem Kunden. Die f\u00fcr die Datenverarbeitung Verantwortlichen innerhalb der Gruppe k\u00f6nnen sich von Zeit zu Zeit aufgrund von Entwicklungen in der Gesch\u00e4ftst\u00e4tigkeit der Gruppe \u00e4ndern.<br \/>\nAuf dieser Seite wird beschrieben, wie die Verarbeitung personenbezogener Daten von Besuchern dieser Website verwaltet wird. Die vorliegende Datenschutzerkl\u00e4rung entspricht Art. 13 des Dekretes Nr. 196\/2003 \u2013 \u00fcber den Schutz personenbezogener Daten f\u00fcr diejenigen, die sich mit unserer Internetseite (im Folgenden als \u201eWebsite\u201c bezeichnet) verbinden, indem Sie elektronisch auf die Webdienste zugreifen.<\/p>\n<p>Die Informationen werden f\u00fcr diese Webseite bereitgestellt und nicht f\u00fcr andere Webseiten, die vom Benutzer \u00fcber Links abgerufen werden k\u00f6nnen.<br \/>\nDie Informationen basieren auch auf der Richtlinie 2009\/136 \/ EG, die neue Regeln f\u00fcr Cookies eingef\u00fchrt hat, und der Empfehlung Nr. 2\/2001, verabschiedet von den europ\u00e4ischen Beh\u00f6rden zum Schutz personenbezogener Daten, um bestimmte Mindestanforderungen f\u00fcr die Online-Erhebung personenbezogener Daten festzulegen, insbesondere die Art, den Umfang und denZweck der Informationen, die die f\u00fcr die Datenverarbeitung Verantwortlichen den Benutzern zur Verf\u00fcgung stellen m\u00fcssen, wenn sie eine Verbindung zu Webseiten herstellen, unabh\u00e4ngig vom Zweck des Links.&#8220;<\/p>\n<p>Im Rahmen unserer Tagesgesch\u00e4fte m\u00fcssen wir personenbezogene Daten von unseren aktuellen und potenziellen Kunden erheben, um ihre Bed\u00fcrfnisse angemessen zu erf\u00fcllenzu k\u00f6nnen und ihnen Informationen \u00fcber unsere Dienstleistungen zukommen zu lassen. Der Datenschutz unserer Kunden ist uns wichtig, in keinem Fall verwenden wir erhobene Daten zu dem Zweck R\u00fcckschl\u00fcsse auf die Person zu ziehen. Unsere Politik ist es, die Vertraulichkeit von Informationen und die Privatsph\u00e4re von Einzelpersonen zu respektieren. Diese Erkl\u00e4rung beschreibt, wie wir die personenbezogenen Daten verwalten, die von Kunden oder Dritten  mit dem Erbringen von Dienstleistungen bereitgestellt werden, oder die wir w\u00e4hrend der Nutzung unserer Dienstleistungen und\/oder unserer Websites durch Kunden erfassen. Die Informationen beschreiben auch die Rechte der Kunden in Bezug auf unsere Verarbeitung ihrer personenbezogenen Daten. Unsere Datenschutzerkl\u00e4rung wird regelm\u00e4\u00dfig \u00fcberarbeitet und ge\u00e4ndert, wobei neue Verpflichtungen, technologische Entwicklungen und \u00c4nderungen unserer Betriebspraktiken ber\u00fccksichtigt werden, um sie in einem sich st\u00e4ndig weiterentwickelnden Umfeld auf dem neuesten Stand zu halten. Alle von uns gespeicherten personenbezogenen Daten unterliegen unserer neuesten Datenschutzregelung. Jede Bezugnahme auf \u201euns\u201c, \u201eunser\u201c in dieser Datenschutzregelung ist eine Bezugnahme auf unser Unternehmen, sofern nicht anders angegeben. Ebenso ist jede Bezugnahme auf \u201eSie\u201c oder \u201eIhr\u201c in dieser Datenschutzerkl\u00e4rung eine Bezugnahme auf einen unserer aktuellen oder potenziellen Kunden, je nach Zusammenhang und sofern nicht anders angegeben.<\/p>\n<p align=\"justify\"><strong>Welche pers\u00f6nlichen Daten erheben wir?<\/strong><br \/>Wenn Sie ein aktueller oder potenzieller Kunde sind, k\u00f6nnen wir verschiedene Arten von Informationen \u00fcber Sie auf unterschiedliche Weise erfassen, je nachdem, wie Sie unsere Dienste oder andere Verbindungen zu uns nutzen, einschlie\u00dflich der Kontaktformulare und Registrierungsformulare. Wir k\u00f6nnen diese Informationen \u00fcber Sie auch von Dritten sammeln, entweder durch Marketinglisten, die von Dritten gekauft wurden, aus \u00f6ffentlichen Quellen oder durch unser eigenes Programm zur Pr\u00e4sentation neuer Kunden durch bereits bestehende. Wir k\u00f6nnen auch personenbezogene Daten \u00fcber Sie durch die Nutzung unserer Website durch die Verwendung von Cookies auf unserer Website und \/ oder Anwendungen erhalten, insbesondere indem wir registrieren, welche Seiten Sie auf unserer Website besuchen. Wir k\u00f6nnen Sie in Abst\u00e4nden bitten, uns freiwillig andere personenbezogene Daten zur Verf\u00fcgung zu stellen (z. B. durch Marktforschung, Umfragen oder Sonderangebote). Falls Sie uns nicht die zwingend notwendigen  Daten, die zur Erf\u00fcllung Ihrer Anfrage in Bezug auf ein bestimmtes Produkt oder eine bestimmte Dienstleistung erforderlich sind, zur Verf\u00fcgung stellen sollten, k\u00f6nnte es m\u00f6glicherweise sein, dass wir das angeforderte Produkt oder die angeforderte Dienstleistung nicht bereitstellen k\u00f6nnen. Wir k\u00f6nnen gegebenenfalls jede Art von Kommunikation registrieren, sei es elektronisch, telefonisch, pers\u00f6nlich oder auf andere Weise, sofern sie sich auf die Dienstleistungen bezieht, die wir Ihnen anbieten, und auf die Kundebeziehung, die wir haben. Diese Registrierungen sind unser ausschlie\u00dfliches Eigentum und werden als Beweis daf\u00fcr verwendet, dass eine solche Kommunikation stattgefunden hat.<\/p>\n<p>Dar\u00fcber hinaus erfassen die Computersysteme und Softwareverfahren, die zum Betrieb der Website verwendet werden, w\u00e4hrend ihres normalen Betriebs einige personenbezogene Daten, deren \u00dcbertragung einschlie\u03b2ich mit der Verwendung von Internet-Kommunikationsprotokollen verbunden ist. Diese Informationen werden nicht gesammelt, um identifizierten Interessenten zugeordnet  werden zu k\u00f6nnen, k\u00f6nnten aber aufgrund ihrer Beschaffenheit durch Verarbeitung und Verkn\u00fcpfung mit Daten im Besitz von Dritten die Identifizierung der Computer erm\u00f6glichen, die eine Verbindung zur Website herstellen. Diese Datenkategorie umfasst IP-Adressen oder Dom\u00e4nennamen des anfragenden Rechners, der sich mit der Website verbindet, Name und  URL der abgerufenen Datei, Webseite von der aus der Zugriff erfolgt (Referrer- URL), der Zeitpunkt der Anfrage, verwendeter Browser und ggf.das Betriebssystem des Rechners aus dem der Zugriff erfolgt, sowie der Name des Access Providers, die Gr\u00f6\u00dfe der Antwortdatei, der numerische Code, der den Status der Antwort angibt (Erfolg, Fehler usw.). Diese Daten werden ausschlie\u00dflich dazu verwendet, anonyme statistische Informationen \u00fcber die Nutzung der Website zu erhalten und ihr korrektes Funktionieren zu \u00fcberpr\u00fcfen. Die Daten werden zur Auswertung der Systemsicherheit und -stabilit\u00e4t verwendet und um die Verantwortlichkeit im Falle hypothetischer Computerkriminalit\u00e4t gegen die Website festzustellen.\n<\/li>\n<\/ul>\n<p align=\"justify\"><strong>An wen k\u00f6nnen wir Ihre pers\u00f6nlichen Daten \u00fcbermitteln?<br \/>\n<\/strong><br \/>Im Rahmen der Verwendung Ihrer personenbezogenen Daten f\u00fcr die oben genannten Zwecke k\u00f6nnen wir Ihre Daten an andere Konzernunternehmen und andere Backoffice-Dienste weitergeben; an von uns beauftragte Dienstleister und Fachberater; an Vermittler, mit denen wir eine gegenseitiges \u00dcbereinkommen bestimmt haben; und an von Ihnen autorisierte Personen. Im Allgemeinen verlangen wir von Unternehmen au\u00dferhalb unseres Unternehmens, die personenbezogene Daten verwalten und verarbeiten, sich zu verpflichten, die Vertraulichkeit dieser Daten anzuerkennen, das Recht auf Privatsph\u00e4re jeder Person zu respektieren und in \u00dcbereinstimmung mit den geltenden Datenschutzbestimmungen und dieser Datenschutzerkl\u00e4rung zu handeln . Externe Dienstleister k\u00f6nnen \u00fcber die in unserem Auftrag durchgef\u00fchrten Recherchen Aufzeichnungen f\u00fchren und die Suchdaten verwenden, um andere Unternehmen bei der Durchf\u00fchrung ihrer Recherchen zu unterst\u00fctzen. Bitte beachten Sie, dass die Verwendung Ihrer personenbezogenen Daten durch externe Dritte, die als Datenverantwortliche f\u00fcr Ihre personenbezogenen Daten dienen, nicht von dieser Datenschutzerkl\u00e4rung abgedeckt wird und nicht unseren Standards und unseren Datenschutzrichtlinien unterliegt.\u201c<\/p>\n<p align=\"justify\"><strong>Wie erhalten wir Ihre Einwilligung?<\/strong><br \/>In F\u00e4llen, in denen unsere Nutzung Ihrer pers\u00f6nlichen Daten Ihre Zustimmung erfordert, wird diese Zustimmung je nach Zusammenhang durch Kontaktformulare oder Registrierungsformulare erteilt. Da wir uns bei der Verarbeitung Ihrer personenbezogenen Daten auf Ihre Einwilligung als Rechtsgrundlage st\u00fctzen, haben Sie das Recht, diese Einwilligung jederzeit zu widerrufen, indem Sie uns \u00fcber die in dieser Datenschutzerkl\u00e4rung angegebenen Kontaktadressen kontaktieren.<\/p>\n<p align=\"justify\"><strong>Wie verwalten wir personenbezogene Daten?<\/strong><br \/>Wir ergreifen stets geeignete technische und organisatorische Ma\u00dfnahmen, um die Sicherheit Ihrer Daten zu gew\u00e4hrleisten. Insbesondere schulen wir Mitarbeiter, die f\u00fcr die Verwaltung personenbezogener Daten verantwortlich sind, um die Vertraulichkeit von Kundendaten und die Privatsph\u00e4re von Einzelpersonen zu respektieren. Wir nehmen Datenschutzverletzungen sehr ernst und ergreifen strenge Disziplinarma\u00dfnahmen, einschlie\u00dflich, falls erforderlich auch Entlassung. Wir haben einen Informationssicherheitsmanager ernannt, um sicherzustellen, dass unsere Verwaltung personenbezogener Daten dieser Datenschutzerkl\u00e4rung und den geltenden Gesetzen entspricht.<\/p>\n<p align=\"justify\"><strong><i>Methoden und Zeitpunkt der Archivierung personenbezogener Daten<\/i><\/strong><br \/>Der Schutz der Privatsph\u00e4re von Kundendaten ist uns wichtig, unabh\u00e4ngig davon, ob der Kunde pers\u00f6nlich, telefonisch, per Post, im Internet oder auf andere elektronische Weise mit uns interagiert. Die zur Verf\u00fcgung gestellten personenbezogenen Daten werden streng vertraulich behandelt, sie werden in einem gesch\u00fctzten computergest\u00fctzten Speichersystem, in Papierform oder durch andere Registrierungsmittel gespeichert. Es werden spezifische Ma\u00dfnahmen gegen Missbrauch, Verlust, unbefugten Zugriff, Manipulation oder Weitergabe pers\u00f6nlicher Daten ergriffen. Wenn solche personenbezogenen Daten nicht l\u00e4nger ben\u00f6tigt werden, werden alle Details, die zur Identifizierung des Kunden f\u00fchren k\u00f6nnten, gel\u00f6scht oder wir werden die archivierten Unterlagen vernichten. Es kann jedoch sein, dass wir verpflichted sind bestimmte Archive f\u00fcr einen relevanten Zeitraum aufzubewahren. Wenn wir personenbezogene Daten in Form von aufgezeichneter Kommunikation, per Telefon, elektronisch, pers\u00f6nlich oder auf andere Weise speichern, werden diese Daten in \u00dcbereinstimmung mit geltendem lokalem Recht f\u00fcr einen Zeitraum von 5 oder 10 Jahren nach dem Datum der Kommunikation aufbewahrt.<\/p>\n<p align=\"justify\"><strong><i>Weitergabe au\u00dferhalb des Europ\u00e4ischen Wirtschaftsraums<\/i><\/strong><br \/>Es ist m\u00f6glich, da\u03b2 wir Ihre personenbezogenen Daten au\u00dferhalb des Europ\u00e4ischen Wirtschaftsraums anderen Unternehmen oder Diensleistern, die in unserem Auftrag t\u00e4tig sind (\u201eBeauftragte\u201c) mitteilen. Wenn wir Ihre Daten au\u00dferhalb des Europ\u00e4ischen Wirtschaftsraums \u00fcbermitteln, stellen wir sicher, dass die Weitergabe rechtm\u00e4\u00dfig ist und angemessene Sicherheitsvorkehrungen getroffen werden. Falls personenbezogene Daten an Dritte in Gebiete \u00fcbermittelt werden, in denen es keine angemessenen \u00dcbepr\u00fcfungen durch die zust\u00e4ndige Beh\u00f6rden gibt und diese \u00fcber keine annwendbaren Regelungen verf\u00fcgen, schlie\u00dfen wir mit dem Zessionar Vereinbarungen ab, die angemessenen Garantien, auf der Grundlage von Standardvertragsbedingungen der Europ\u00e4ischen Kommission, zu gew\u00e4hrleisten. &#8222;<\/p>\n<p align=\"justify\"><strong>Was sind Cookies und wie verwenden wir sie?<\/strong><br \/>Ein Cookie ist eine kleine Datei, die Ihr Browser automatisch erstellt und auf Ihrem Endger\u00e4t (Computer,Tablet, Smartphone o.\u00e4.) gespeichert wird, wenn Sie eine Website besuchen. Wir verwenden Cookies auf unseren Websites, um die Nutzung unserer Webseite statistisch zu erfassen, um diese gezielter auf die Bed\u00fcrfnisse der Nutzer abzustimmen und zu verbessern und die Optimierung unseres Angebots f\u00fcr Sie auszuwerten , beispielsweise erm\u00f6glicht es uns  Webseiten nach Ihren Bed\u00fcrfnissen oder Pr\u00e4ferenzen zu pr\u00e4sentieren. Wir sind st\u00e4ndig bem\u00fcht, die Funktionalit\u00e4t dieser Seite durch notwendige technologische \u00c4nderungen zu verbessern. Dies k\u00f6nnte zu \u00c4nderungen in den Methoden zur Erhebung und Verwendung personenbezogener Daten f\u00fchren. Die Auswirkungen von technologischen \u00c4nderungen, die sich auf Ihre Privatsph\u00e4re auswirken k\u00f6nnen, werden in dieser Datenschutzrichtlinie zum Zeitpunkt der \u00c4nderung mitgeteilt. Unsere Websites k\u00f6nnen Links zu externen Websites Dritter enthalten. Bitte beachten Sie jedoch, dass die Websites von Drittanbietern nicht in den Geltungsbereich dieser Datenschutzrichtlinie fallen und nicht unseren Datenschutzstandards und -erkl\u00e4rung unterliegen. Bitte erkundigen Sie sich bei jedem Drittanbieter nach deren Datenschutzstandards und -verfahren.&#8220;<\/p>\n<p align=\"justify\"><strong>Wie deaktiviere ich Cookies?<\/strong><br \/>Die meisten Internetbrowser sind anf\u00e4nglich so eingestellt, dass sie Cookies automatisch akzeptieren. Sie k\u00f6nnen jeddoch als  Benutzer den Browser  so konfigurieren, dass keine Cookies auf Ihrem Computer gespeichert werden oder stehts ein Hinweis erscheint, bevor ein neues Cookie an das Ger\u00e4t des Benutzers gesendet wird. Es gibt verschiedene M\u00f6glichkeiten, Cookies zu verwalten. Der Benutzer kann der Anleitung oder der Hilfefunktion seines Browsers entnehmen, wie er die Einstellungen seines Browsers anpassen oder \u00e4ndern kann.<\/p>\n<p>Wenn Sie die, im entsprechenden Ordner des verwendeten Browsers, installierten Cookies l\u00f6schen m\u00f6chten, verf\u00fcgt jeder Browser \u00fcber einen eigenen speziellen Modus, der unter den folgenden Links veranschaulicht wird.<\/p>\n<p>&#8211; Microsoft Windows Explorer: http:\/\/windows.microsoft.com\/en-us\/windows-vista\/block-or-allow-cookies<br \/>\n&#8211; Google Chrome: https:\/\/support.google.com\/chrome\/bin\/answer.py?hl=de&#038;answer=95647&#038;p=cpn_cookies<br \/>\n&#8211; Mozilla Firefox: http:\/\/support.mozilla.org\/en-US\/kb\/Enabling%20and%20disabling%20cookies<br \/>\n&#8211; Apple-Safari: http:\/\/docs.info.apple.com\/article.html?path=Safari\/5.0\/en\/9277.html&#8220;<\/p>\n<p align=\"justify\"><strong>Im Falle einer Reklamation<\/strong><br \/>Bei Widerspruch hinsichtlich unserer Datenschutzrichtlinien k\u00f6nnen Sie  Beschwerde einreichen. Eventuelle Beschwerden werden umgehend gepr\u00fcft.&#8220;<\/p>\n<p align=\"justify\"><a href=\"https:\/\/www.forlivinginterior.ch\/de\/rechtshinweise\/\">RECHTLICHE HINWEISE<img decoding=\"async\" src=\"https:\/\/www.forlivinginterior.ch\/wp-content\/uploads\/2019\/10\/arrow_right.svg\"><\/a><\/p>\n\n\n\t\t<\/div>\n\t\t\t\t\t<\/div>\n\n\t\n\n<\/div>\n\n\t\t<\/div>\n\n\t\t\n<style>\n#section_956733000 {\n  padding-top: 30px;\n  padding-bottom: 30px;\n}\n<\/style>\n\t<\/section>\n\t\n\n","protected":false},"excerpt":{"rendered":"","protected":false},"author":2,"featured_media":0,"parent":0,"menu_order":0,"comment_status":"closed","ping_status":"closed","template":"page-blank.php","meta":{"inline_featured_image":false,"footnotes":""},"class_list":["post-11806","page","type-page","status-publish","hentry"],"yoast_head":"<!-- This site is optimized with the Yoast SEO plugin v27.5 - https:\/\/yoast.com\/product\/yoast-seo-wordpress\/ -->\n<title>DATENSCHUTZERKL\u04d2RUNG - For Living<\/title>\n<meta name=\"robots\" content=\"index, nofollow, max-snippet:-1, max-image-preview:large, max-video-preview:-1\" \/>\n<link rel=\"canonical\" href=\"https:\/\/www.forlivinginterior.ch\/de\/datenschutzerkl\u04d3rung\/\" \/>\n<meta property=\"og:locale\" content=\"de_DE\" \/>\n<meta property=\"og:type\" content=\"article\" \/>\n<meta property=\"og:title\" content=\"DATENSCHUTZERKL\u04d2RUNG - For Living\" \/>\n<meta property=\"og:url\" content=\"https:\/\/www.forlivinginterior.ch\/de\/datenschutzerkl\u04d3rung\/\" \/>\n<meta property=\"og:site_name\" content=\"For Living\" \/>\n<meta property=\"article:modified_time\" content=\"2022-11-01T09:21:23+00:00\" \/>\n<meta property=\"og:image\" content=\"https:\/\/www.forlivinginterior.ch\/wp-content\/uploads\/2019\/10\/arrow_right.svg\" \/>\n<meta name=\"twitter:card\" content=\"summary_large_image\" \/>\n<meta name=\"twitter:label1\" content=\"Gesch\u00e4tzte Lesezeit\" \/>\n\t<meta name=\"twitter:data1\" content=\"8\u00a0Minuten\" \/>\n<script type=\"application\/ld+json\" class=\"yoast-schema-graph\">{\"@context\":\"https:\\\/\\\/schema.org\",\"@graph\":[{\"@type\":\"WebPage\",\"@id\":\"https:\\\/\\\/www.forlivinginterior.ch\\\/de\\\/datenschutzerkl%d3%93rung\\\/\",\"url\":\"https:\\\/\\\/www.forlivinginterior.ch\\\/de\\\/datenschutzerkl%d3%93rung\\\/\",\"name\":\"DATENSCHUTZERKL\u04d2RUNG - For Living\",\"isPartOf\":{\"@id\":\"https:\\\/\\\/www.forlivinginterior.ch\\\/#website\"},\"primaryImageOfPage\":{\"@id\":\"https:\\\/\\\/www.forlivinginterior.ch\\\/de\\\/datenschutzerkl%d3%93rung\\\/#primaryimage\"},\"image\":{\"@id\":\"https:\\\/\\\/www.forlivinginterior.ch\\\/de\\\/datenschutzerkl%d3%93rung\\\/#primaryimage\"},\"thumbnailUrl\":\"https:\\\/\\\/www.forlivinginterior.ch\\\/wp-content\\\/uploads\\\/2019\\\/10\\\/arrow_right.svg\",\"datePublished\":\"2022-09-10T12:14:07+00:00\",\"dateModified\":\"2022-11-01T09:21:23+00:00\",\"breadcrumb\":{\"@id\":\"https:\\\/\\\/www.forlivinginterior.ch\\\/de\\\/datenschutzerkl%d3%93rung\\\/#breadcrumb\"},\"inLanguage\":\"de\",\"potentialAction\":[{\"@type\":\"ReadAction\",\"target\":[\"https:\\\/\\\/www.forlivinginterior.ch\\\/de\\\/datenschutzerkl%d3%93rung\\\/\"]}]},{\"@type\":\"ImageObject\",\"inLanguage\":\"de\",\"@id\":\"https:\\\/\\\/www.forlivinginterior.ch\\\/de\\\/datenschutzerkl%d3%93rung\\\/#primaryimage\",\"url\":\"https:\\\/\\\/www.forlivinginterior.ch\\\/wp-content\\\/uploads\\\/2019\\\/10\\\/arrow_right.svg\",\"contentUrl\":\"https:\\\/\\\/www.forlivinginterior.ch\\\/wp-content\\\/uploads\\\/2019\\\/10\\\/arrow_right.svg\"},{\"@type\":\"BreadcrumbList\",\"@id\":\"https:\\\/\\\/www.forlivinginterior.ch\\\/de\\\/datenschutzerkl%d3%93rung\\\/#breadcrumb\",\"itemListElement\":[{\"@type\":\"ListItem\",\"position\":1,\"name\":\"Home\",\"item\":\"https:\\\/\\\/www.forlivinginterior.ch\\\/de\\\/\"},{\"@type\":\"ListItem\",\"position\":2,\"name\":\"DATENSCHUTZERKL\u04d2RUNG\"}]},{\"@type\":\"WebSite\",\"@id\":\"https:\\\/\\\/www.forlivinginterior.ch\\\/#website\",\"url\":\"https:\\\/\\\/www.forlivinginterior.ch\\\/\",\"name\":\"For Living\",\"description\":\"Bespoke made in Italy interiors.\",\"potentialAction\":[{\"@type\":\"SearchAction\",\"target\":{\"@type\":\"EntryPoint\",\"urlTemplate\":\"https:\\\/\\\/www.forlivinginterior.ch\\\/?s={search_term_string}\"},\"query-input\":{\"@type\":\"PropertyValueSpecification\",\"valueRequired\":true,\"valueName\":\"search_term_string\"}}],\"inLanguage\":\"de\"}]}<\/script>\n<!-- \/ Yoast SEO plugin. -->","yoast_head_json":{"title":"DATENSCHUTZERKL\u04d2RUNG - For Living","robots":{"index":"index","follow":"nofollow","max-snippet":"max-snippet:-1","max-image-preview":"max-image-preview:large","max-video-preview":"max-video-preview:-1"},"canonical":"https:\/\/www.forlivinginterior.ch\/de\/datenschutzerkl\u04d3rung\/","og_locale":"de_DE","og_type":"article","og_title":"DATENSCHUTZERKL\u04d2RUNG - For Living","og_url":"https:\/\/www.forlivinginterior.ch\/de\/datenschutzerkl\u04d3rung\/","og_site_name":"For Living","article_modified_time":"2022-11-01T09:21:23+00:00","og_image":[{"url":"https:\/\/www.forlivinginterior.ch\/wp-content\/uploads\/2019\/10\/arrow_right.svg","type":"","width":"","height":""}],"twitter_card":"summary_large_image","twitter_misc":{"Gesch\u00e4tzte Lesezeit":"8\u00a0Minuten"},"schema":{"@context":"https:\/\/schema.org","@graph":[{"@type":"WebPage","@id":"https:\/\/www.forlivinginterior.ch\/de\/datenschutzerkl%d3%93rung\/","url":"https:\/\/www.forlivinginterior.ch\/de\/datenschutzerkl%d3%93rung\/","name":"DATENSCHUTZERKL\u04d2RUNG - For Living","isPartOf":{"@id":"https:\/\/www.forlivinginterior.ch\/#website"},"primaryImageOfPage":{"@id":"https:\/\/www.forlivinginterior.ch\/de\/datenschutzerkl%d3%93rung\/#primaryimage"},"image":{"@id":"https:\/\/www.forlivinginterior.ch\/de\/datenschutzerkl%d3%93rung\/#primaryimage"},"thumbnailUrl":"https:\/\/www.forlivinginterior.ch\/wp-content\/uploads\/2019\/10\/arrow_right.svg","datePublished":"2022-09-10T12:14:07+00:00","dateModified":"2022-11-01T09:21:23+00:00","breadcrumb":{"@id":"https:\/\/www.forlivinginterior.ch\/de\/datenschutzerkl%d3%93rung\/#breadcrumb"},"inLanguage":"de","potentialAction":[{"@type":"ReadAction","target":["https:\/\/www.forlivinginterior.ch\/de\/datenschutzerkl%d3%93rung\/"]}]},{"@type":"ImageObject","inLanguage":"de","@id":"https:\/\/www.forlivinginterior.ch\/de\/datenschutzerkl%d3%93rung\/#primaryimage","url":"https:\/\/www.forlivinginterior.ch\/wp-content\/uploads\/2019\/10\/arrow_right.svg","contentUrl":"https:\/\/www.forlivinginterior.ch\/wp-content\/uploads\/2019\/10\/arrow_right.svg"},{"@type":"BreadcrumbList","@id":"https:\/\/www.forlivinginterior.ch\/de\/datenschutzerkl%d3%93rung\/#breadcrumb","itemListElement":[{"@type":"ListItem","position":1,"name":"Home","item":"https:\/\/www.forlivinginterior.ch\/de\/"},{"@type":"ListItem","position":2,"name":"DATENSCHUTZERKL\u04d2RUNG"}]},{"@type":"WebSite","@id":"https:\/\/www.forlivinginterior.ch\/#website","url":"https:\/\/www.forlivinginterior.ch\/","name":"For Living","description":"Bespoke made in Italy interiors.","potentialAction":[{"@type":"SearchAction","target":{"@type":"EntryPoint","urlTemplate":"https:\/\/www.forlivinginterior.ch\/?s={search_term_string}"},"query-input":{"@type":"PropertyValueSpecification","valueRequired":true,"valueName":"search_term_string"}}],"inLanguage":"de"}]}},"_links":{"self":[{"href":"https:\/\/www.forlivinginterior.ch\/de\/wp-json\/wp\/v2\/pages\/11806","targetHints":{"allow":["GET"]}}],"collection":[{"href":"https:\/\/www.forlivinginterior.ch\/de\/wp-json\/wp\/v2\/pages"}],"about":[{"href":"https:\/\/www.forlivinginterior.ch\/de\/wp-json\/wp\/v2\/types\/page"}],"author":[{"embeddable":true,"href":"https:\/\/www.forlivinginterior.ch\/de\/wp-json\/wp\/v2\/users\/2"}],"replies":[{"embeddable":true,"href":"https:\/\/www.forlivinginterior.ch\/de\/wp-json\/wp\/v2\/comments?post=11806"}],"version-history":[{"count":0,"href":"https:\/\/www.forlivinginterior.ch\/de\/wp-json\/wp\/v2\/pages\/11806\/revisions"}],"wp:attachment":[{"href":"https:\/\/www.forlivinginterior.ch\/de\/wp-json\/wp\/v2\/media?parent=11806"}],"curies":[{"name":"wp","href":"https:\/\/api.w.org\/{rel}","templated":true}]}}