{"id":11799,"date":"2022-09-10T14:07:02","date_gmt":"2022-09-10T12:07:02","guid":{"rendered":"https:\/\/www.forlivinginterior.ch\/?page_id=11799"},"modified":"2022-09-20T19:19:55","modified_gmt":"2022-09-20T17:19:55","slug":"rechtshinweise","status":"publish","type":"page","link":"https:\/\/www.forlivinginterior.ch\/de\/rechtshinweise\/","title":{"rendered":"Rechtshinweise"},"content":{"rendered":"\n\n\t<section class=\"section\" id=\"section_1440792590\">\n\t\t<div class=\"section-bg fill\" >\n\t\t\t\t\t\t\t\t\t\n\t\t\t\n\n\t\t<\/div>\n\n\t\t\n\n\t\t<div class=\"section-content relative\">\n\t\t\t\n\n<div class=\"row\"  id=\"row-1268723623\">\n\n\n\t<div id=\"col-1660632535\" class=\"col small-12 large-12\"  >\n\t\t\t\t<div class=\"col-inner\"  >\n\t\t\t\n\t\t\t\n\n<p>Translate this page in:<\/p>\n<div id=\"google_translate_element\">&nbsp;<\/div>\n<p align=\"justify\"><script type=\"text\/javascript\"><br \/>\nfunction googleTranslateElementInit() {<br \/>\nnew google.translate.TranslateElement({pageLanguage: 'it'}, 'google_translate_element');<br \/>\n}<br \/>\n<\/script><br \/><script type=\"text\/javascript\" src=\"\/\/translate.google.com\/translate_a\/element.js?cb=googleTranslateElementInit\"><\/script><\/p>\n<h1><strong>Rechtshinweise <\/strong><\/h1>\n<p align=\"justify\">Die auf der For Living SRL-Website enthaltenen Informationen unterliegen den nachstehend aufgef\u00fchrten Bedingungen.<\/p>\n<p align=\"justify\"><strong>Urheberrechte <\/strong><\/p>\n<p align=\"justify\">Alle Inhalte \u2013 Texte, Fotos, Infografiken, Videos und andere Multimedia-Materialien, die auf den For Living SRL-Seiten vorhanden sind, gelten als Eigentum von For Living Srl. Sie k\u00f6nnen frei reproduziert werden, unter Vorbehalt, dass sie immer mit der jeweiligen Quelle dargelegt werden.\n<\/p>\n<p align=\"justify\">Der Benutzer verpflichtet sich, diese Website ausschlie\u03b2lich f\u00fcr rechtsm\u00e4\u03b2ige Zwecke zu verwenden.\n<\/p>\n<p align=\"justify\">Die Texte und Formulare auf dieser Website unterliegen, sofern nicht anders angegeben, und  in jedem Fall innerhalb dieses Dokuments, dem Eigentum des Inhabers.<\/p>\n<p align=\"justify\">Es ist nicht gestattet, die durch geistige und\/oder gewerbliche Eigentumsrechte gesch\u00fctzten Inhalte dieser Website zu \u00e4ndern, kopieren, verfielf\u00e4ltigen, verwenden, verbreiten oder auf andere Weise zu verwerten, die nicht unter die im vorstehenden Absatz angegebenen Lizenzbedingungen f\u00e4llt. Insbesondere muss die Verwendung von Software, die von der Website heruntergeladen werden kann, den Bedingungen der mit der Software verbundenen Lizenz entsprechen, oder darin enthalten sein. Alle eingetragenen Warenzeichen, Dienstleistungsmarken und Namen, die auf dieser Website registriert sind, sind Warenzeichen ihrer jeweiligen Eigent\u00fcmer, und daher ist jede unbefugte Verwendung strengstens untersagt.<\/p>\n<p align=\"justify\"><strong>Ver\u00f6ffentlichte Inhalte und Haftungsbeschr\u00e4nkung<br \/>\n <\/strong><\/p>\n<p align=\"justify\">For Living SRL benutzt die Website als prim\u00e4ren Informationskanal f\u00fcr seine Benutzer. Unser Ziel ist es daher, m\u00f6glichst aktuelle und umfassende Informationen bereitzustellen. Falls der Nutzer Fehler oder Unvollst\u00e4ndigkeiten feststellen sollte, kann er dies der zust\u00e4ndigen Stelle melden, die die Daten umgehend aktualisieren wird. Eventuell ist es aus Gr\u00fcnden der Vollst\u00e4ndigkeit der Informationen erforderlich, auf externe Ressourcen (z. B. Gesetzestexte, Software usw.) zur\u00fcckzugreifen, \u00fcber die For Living SRL keine Kontrolle hat, und daher deren Richtigkeit oder Zuverl\u00e4ssigkeit nicht garantieren kann und somit daf\u00fcr keine Haftung \u00fcbernimmt.\n<\/p>\n<p align=\"justify\">Wir erinnern die Nutzer auch daran, da\u03b2 die ver\u00f6ffentlichten Informationen, mit Ausnahme der von der geltenden Gesetzgebung vorgesehenen F\u00e4lle, keinen rechtlichen Charakter besitzen.\n<\/p>\n<p align=\"justify\">For Living SRL legt gr\u00f6\u00dften Wert auf die Qualit\u00e4t der ver\u00f6ffentlichten Informationen. Bei der gro\u00dfen Vielfalt der verwendeten internen und externen Quellen und der gro\u00dfen Anzahl der verf\u00fcgbaren Seiten, ist jedoch zu beachten, da\u03b2 die Informationen im Laufe der Zeit ihre G\u00fcltigkeit und Zuverl\u00e4ssigkeit verlieren k\u00f6nnen. Es wird geraten, gegebenenfalls das letzte Publikationsdatum der konsultierten Seite zu \u00fcberpr\u00fcfen.<\/p>\n<p align=\"justify\">For Living SRL lehnt jede Verantwortung f\u00fcr sch\u00e4dliche Folgen ab, die sich f\u00fcr Benutzer aus nicht beabsichtigten Ungenauigkeiten oder fehlerhafter Information ergeben k\u00f6nnen, und beh\u00e4lt sich das Recht vor, den Inhalt der Website und der hier aufgef\u00fchrten rechtlichen Hinweise jederzeit und ohne vorherige Ank\u00fcndigung zu \u00e4ndern.<\/p>\n<p align=\"justify\">For Living SRL bem\u00fcht sich um die Verringerung von Funktionsfehlern, die auf technische Probleme zur\u00fcckzuf\u00fchren sind. Ein Teil der Daten oder Informationen auf den Seiten kann jedoch in Archive oder Formate eingef\u00fcgt oder strukturiert worden sein, die nicht frei von Fehlern sind, For Living SRL kann daher nicht auschlie\u03b2en, da\u03b2 es zu einer Unterbrechung des Dienstes kommen kann oder er davon anderweitig betroffen wird.\n<\/p>\n<p align=\"justify\">Alle Inhalte, die auf den Seiten per Download verf\u00fcgbar sind, k\u00f6nnen durch Urheberrechte, Nutzungsrechte und\/oder Copyright der jeweiligen Eigent\u00fcmer gesch\u00fctzt sein, wir empfehlen daher, die jeweiligen Nutzungsbedingungen und Rechte zu \u00fcberpr\u00fcfen. For Living SRL entbindet sich ausdr\u00fccklich von jeglicher Verantwortung f\u00fcr Verletzungen der geistigen Eigentumsrechte Dritter durch den Benutzer.<\/p>\n<p align=\"justify\"><strong>Weiterleitung an externe Seiten<br \/>\n <\/strong><\/p>\n<p align=\"justify\">For Living SRL \u00fcbernimmt keine Haftung f\u00fcr die Inhalte verlinkter Seiten, die als einfacher Service f\u00fcr die Benutzer bereitgestellt werden. F\u00fcr den Inhalt der verlinkten Seiten sind ausschlie\u00dflich deren Betreiber verantwortlich.<br \/>\nDie Pr\u00e4senz der verlinkten Seiten bedeuted weder die Billigung deren Inhalte, noch beinhalted sie irgendeine Form von Zusicherung der Qualit\u00e4t der dort verf\u00fcgbaren Dienstleistungen oder Produkte.\n<\/p>\n<p align=\"justify\"><strong>Computer Virus<br \/>\n <\/strong><\/p>\n<p align=\"justify\">Obwohl Living SRL st\u00e4ndig aktualisierte Schutzsysteme anwendet, garantiert For Living SRL nicht, da\u03b2 die Website nicht von Viren betroffen oder frei von Ausf\u00fchrungsfehlern ist, die m\u00f6glicherweise durch erstere verursacht wurden. For Living SRL haftet nicht f\u00fcr Folgesch\u00e4den, die dem Benutzer aus den Inhalten dieser Webseiten entstehen.<\/p>\n<p align=\"justify\">Diese Webseite untersteht der italienischen Rechtssprechung.<\/p>\n\n\n\t\t<\/div>\n\t\t\t\t\t<\/div>\n\n\t\n\n<\/div>\n\n\t\t<\/div>\n\n\t\t\n<style>\n#section_1440792590 {\n  padding-top: 30px;\n  padding-bottom: 30px;\n}\n<\/style>\n\t<\/section>\n\t\n\n","protected":false},"excerpt":{"rendered":"","protected":false},"author":2,"featured_media":0,"parent":0,"menu_order":0,"comment_status":"closed","ping_status":"closed","template":"","meta":{"inline_featured_image":false,"footnotes":""},"class_list":["post-11799","page","type-page","status-publish","hentry"],"yoast_head":"<!-- This site is optimized with the Yoast SEO plugin v27.5 - https:\/\/yoast.com\/product\/yoast-seo-wordpress\/ -->\n<title>Rechtshinweise - For Living<\/title>\n<meta name=\"robots\" content=\"index, nofollow, max-snippet:-1, max-image-preview:large, max-video-preview:-1\" \/>\n<link rel=\"canonical\" href=\"https:\/\/www.forlivinginterior.ch\/de\/rechtshinweise\/\" \/>\n<meta property=\"og:locale\" content=\"de_DE\" \/>\n<meta property=\"og:type\" content=\"article\" \/>\n<meta property=\"og:title\" content=\"Rechtshinweise - For Living\" \/>\n<meta property=\"og:url\" content=\"https:\/\/www.forlivinginterior.ch\/de\/rechtshinweise\/\" \/>\n<meta property=\"og:site_name\" content=\"For Living\" \/>\n<meta property=\"article:modified_time\" content=\"2022-09-20T17:19:55+00:00\" \/>\n<meta name=\"twitter:card\" content=\"summary_large_image\" \/>\n<meta name=\"twitter:label1\" content=\"Gesch\u00e4tzte Lesezeit\" \/>\n\t<meta name=\"twitter:data1\" content=\"4\u00a0Minuten\" \/>\n<script type=\"application\/ld+json\" class=\"yoast-schema-graph\">{\"@context\":\"https:\\\/\\\/schema.org\",\"@graph\":[{\"@type\":\"WebPage\",\"@id\":\"https:\\\/\\\/www.forlivinginterior.ch\\\/de\\\/rechtshinweise\\\/\",\"url\":\"https:\\\/\\\/www.forlivinginterior.ch\\\/de\\\/rechtshinweise\\\/\",\"name\":\"Rechtshinweise - For Living\",\"isPartOf\":{\"@id\":\"https:\\\/\\\/www.forlivinginterior.ch\\\/#website\"},\"datePublished\":\"2022-09-10T12:07:02+00:00\",\"dateModified\":\"2022-09-20T17:19:55+00:00\",\"breadcrumb\":{\"@id\":\"https:\\\/\\\/www.forlivinginterior.ch\\\/de\\\/rechtshinweise\\\/#breadcrumb\"},\"inLanguage\":\"de\",\"potentialAction\":[{\"@type\":\"ReadAction\",\"target\":[\"https:\\\/\\\/www.forlivinginterior.ch\\\/de\\\/rechtshinweise\\\/\"]}]},{\"@type\":\"BreadcrumbList\",\"@id\":\"https:\\\/\\\/www.forlivinginterior.ch\\\/de\\\/rechtshinweise\\\/#breadcrumb\",\"itemListElement\":[{\"@type\":\"ListItem\",\"position\":1,\"name\":\"Home\",\"item\":\"https:\\\/\\\/www.forlivinginterior.ch\\\/de\\\/\"},{\"@type\":\"ListItem\",\"position\":2,\"name\":\"Rechtshinweise\"}]},{\"@type\":\"WebSite\",\"@id\":\"https:\\\/\\\/www.forlivinginterior.ch\\\/#website\",\"url\":\"https:\\\/\\\/www.forlivinginterior.ch\\\/\",\"name\":\"For Living\",\"description\":\"Bespoke made in Italy interiors.\",\"potentialAction\":[{\"@type\":\"SearchAction\",\"target\":{\"@type\":\"EntryPoint\",\"urlTemplate\":\"https:\\\/\\\/www.forlivinginterior.ch\\\/?s={search_term_string}\"},\"query-input\":{\"@type\":\"PropertyValueSpecification\",\"valueRequired\":true,\"valueName\":\"search_term_string\"}}],\"inLanguage\":\"de\"}]}<\/script>\n<!-- \/ Yoast SEO plugin. -->","yoast_head_json":{"title":"Rechtshinweise - For Living","robots":{"index":"index","follow":"nofollow","max-snippet":"max-snippet:-1","max-image-preview":"max-image-preview:large","max-video-preview":"max-video-preview:-1"},"canonical":"https:\/\/www.forlivinginterior.ch\/de\/rechtshinweise\/","og_locale":"de_DE","og_type":"article","og_title":"Rechtshinweise - For Living","og_url":"https:\/\/www.forlivinginterior.ch\/de\/rechtshinweise\/","og_site_name":"For Living","article_modified_time":"2022-09-20T17:19:55+00:00","twitter_card":"summary_large_image","twitter_misc":{"Gesch\u00e4tzte Lesezeit":"4\u00a0Minuten"},"schema":{"@context":"https:\/\/schema.org","@graph":[{"@type":"WebPage","@id":"https:\/\/www.forlivinginterior.ch\/de\/rechtshinweise\/","url":"https:\/\/www.forlivinginterior.ch\/de\/rechtshinweise\/","name":"Rechtshinweise - For Living","isPartOf":{"@id":"https:\/\/www.forlivinginterior.ch\/#website"},"datePublished":"2022-09-10T12:07:02+00:00","dateModified":"2022-09-20T17:19:55+00:00","breadcrumb":{"@id":"https:\/\/www.forlivinginterior.ch\/de\/rechtshinweise\/#breadcrumb"},"inLanguage":"de","potentialAction":[{"@type":"ReadAction","target":["https:\/\/www.forlivinginterior.ch\/de\/rechtshinweise\/"]}]},{"@type":"BreadcrumbList","@id":"https:\/\/www.forlivinginterior.ch\/de\/rechtshinweise\/#breadcrumb","itemListElement":[{"@type":"ListItem","position":1,"name":"Home","item":"https:\/\/www.forlivinginterior.ch\/de\/"},{"@type":"ListItem","position":2,"name":"Rechtshinweise"}]},{"@type":"WebSite","@id":"https:\/\/www.forlivinginterior.ch\/#website","url":"https:\/\/www.forlivinginterior.ch\/","name":"For Living","description":"Bespoke made in Italy interiors.","potentialAction":[{"@type":"SearchAction","target":{"@type":"EntryPoint","urlTemplate":"https:\/\/www.forlivinginterior.ch\/?s={search_term_string}"},"query-input":{"@type":"PropertyValueSpecification","valueRequired":true,"valueName":"search_term_string"}}],"inLanguage":"de"}]}},"_links":{"self":[{"href":"https:\/\/www.forlivinginterior.ch\/de\/wp-json\/wp\/v2\/pages\/11799","targetHints":{"allow":["GET"]}}],"collection":[{"href":"https:\/\/www.forlivinginterior.ch\/de\/wp-json\/wp\/v2\/pages"}],"about":[{"href":"https:\/\/www.forlivinginterior.ch\/de\/wp-json\/wp\/v2\/types\/page"}],"author":[{"embeddable":true,"href":"https:\/\/www.forlivinginterior.ch\/de\/wp-json\/wp\/v2\/users\/2"}],"replies":[{"embeddable":true,"href":"https:\/\/www.forlivinginterior.ch\/de\/wp-json\/wp\/v2\/comments?post=11799"}],"version-history":[{"count":0,"href":"https:\/\/www.forlivinginterior.ch\/de\/wp-json\/wp\/v2\/pages\/11799\/revisions"}],"wp:attachment":[{"href":"https:\/\/www.forlivinginterior.ch\/de\/wp-json\/wp\/v2\/media?parent=11799"}],"curies":[{"name":"wp","href":"https:\/\/api.w.org\/{rel}","templated":true}]}}