{"id":11796,"date":"2022-09-10T14:05:19","date_gmt":"2022-09-10T12:05:19","guid":{"rendered":"https:\/\/www.forlivinginterior.ch\/?page_id=11796"},"modified":"2022-09-20T19:22:01","modified_gmt":"2022-09-20T17:22:01","slug":"cookie-policy-de","status":"publish","type":"page","link":"https:\/\/www.forlivinginterior.ch\/de\/cookie-policy-de\/","title":{"rendered":"Cookie Policy DE"},"content":{"rendered":"\n<p>Translate this page in:<\/p>\n<div id=\"google_translate_element\">&nbsp;<\/div>\n<p align=\"justify\"><script type=\"text\/javascript\"><br \/>\nfunction googleTranslateElementInit() {<br \/>\nnew google.translate.TranslateElement({pageLanguage: 'it'}, 'google_translate_element');<br \/>\n}<br \/>\n<\/script><br \/><script type=\"text\/javascript\" src=\"\/\/translate.google.com\/translate_a\/element.js?cb=googleTranslateElementInit\"><\/script><\/p>\n<h1><strong>ERWEITERTE INFORMATIONEN ZUR VERWENDUNG VON COOKIES<\/strong><\/h1>\n<p align=\"justify\"><em>Gem\u00e4\u00df der Bestimmung des Datenschutzgaranten Nr. 229 vom 05.08.2014<\/em><\/p>\n<p align=\"justify\">Dieses Dokument enth\u00e4lt detaillierte Informationen \u00fcber die Verwendung von Cookies und \u00e4hnlichen Technologien sowie dar\u00fcber, wie sie von FOR LIVING SRL verwendet werden<\/p>\n<p align=\"justify\"><strong>WAS SIND COOKIES?<\/strong><br \/>Cookies sind kleine Textfolgen, die die vom Benutzer besuchten Websites an sein Endger\u00e4t (normalerweise den Browser) senden, wo sie gespeichert werden, bevor sie w\u00e4hrend desselben Besuchs der Website (Sitzungscookies) oder sp\u00e4ter an dieselben Websites erneut \u00fcbertragen werden , auch nach Tagen (persistente Cookies). Cookies werden je nach Benutzerpr\u00e4ferenz vom einzelnen Browser auf dem spezifisch verwendeten Ger\u00e4t (Computer, Tablet, Smartphone) gespeichert.<\/p>\n<p align=\"justify\">Beim Surfen auf einer Website kann der Benutzer auf seinem Endger\u00e4t auch Cookies empfangen, die von verschiedenen Websites oder Webservern (sogenannten &#8222;Drittanbietern&#8220;) gesendet werden, auf denen sich einige Elemente befinden k\u00f6nnen (wie beispielsweise Bilder, Karten, Ger\u00e4usche, spezifische Links zu Seiten anderer Domains), die auf der Website vorhanden sind, die derselbe besucht.<\/p>\n<p align=\"justify\">Cookies, die in der Regel in sehr gro\u00dfer Zahl in den Browsern der Benutzer vorhanden sind und manchmal sogar Merkmale einer breiten zeitlichen Best\u00e4ndigkeit aufweisen, werden f\u00fcr verschiedene Zwecke verwendet: Ausf\u00fchrung der Computerauthentifizierung, Sitzungs\u00fcberwachung, Speicherung von Informationen \u00fcber bestimmte Konfigurationen von Benutzern, die auf den Server zugreifen, usw .<\/p>\n<p align=\"justify\">Im weiteren Verlauf dieses Dokuments beziehen wir uns auf Cookies und alle \u00e4hnlichen Technologien, indem wir einfach den Begriff \u201eCookie\u201c verwenden.<\/p>\n<p align=\"justify\"><strong>ARTEN VON COOKIES<\/strong><br \/>Die Bestimmung des Datenschutzgaranten \u201eIdentifizierung vereinfachter Verfahren f\u00fcr die Information und den Erwerb der Zustimmung zur Verwendung von Cookies \u2013 8. Mai 2014 (GU Nr. 126 vom 3. Juni 2014)\u201c identifiziert zwei Makrokategorien von Cookies: \u201etechnische\u201c Cookies und \u201eProfiling\u201c-Cookies.<\/p>\n<p align=\"justify\"><strong>\u201eTechnische\u201c<\/strong><br \/>Cookies Technische Cookies sind solche, die ausschlie\u00dflich dazu dienen, \u201edie \u00dcbertragung einer Kommunikation \u00fcber ein elektronisches Kommunikationsnetz durchzuf\u00fchren, oder in dem Umfang, der f\u00fcr den Anbieter eines Dienstes der Informationsgesellschaft, der ausdr\u00fccklich vom Abonnenten oder Benutzer angefordert wird, unbedingt erforderlich ist um diese Dienstleistung zu erbringen \u201c(siehe Artikel 122 Absatz 1 des Kodex).<\/p>\n<p align=\"justify\">Sie werden nicht f\u00fcr andere Zwecke verwendet und normalerweise direkt vom Eigent\u00fcmer oder Verwalter der Website installiert. Sie k\u00f6nnen in Navigations- oder Session-Cookies unterteilt werden, die die normale Navigation und Nutzung der Website gew\u00e4hrleisten; Analyse-Cookies, \u00e4hnlich wie technische Cookies, wenn sie direkt vom Site-Manager verwendet werden, um Informationen in aggregierter Form \u00fcber die Anzahl der Benutzer und deren Besuch auf der Site zu sammeln; Funktionalit\u00e4ts-Cookies, die es dem Benutzer erm\u00f6glichen, nach einer Reihe ausgew\u00e4hlter Kriterien zu navigieren, um den angebotenen Dienst zu verbessern.<\/p>\n<p align=\"justify\">F\u00fcr die Installation dieser Cookies ist keine vorherige Zustimmung der Nutzer erforderlich, w\u00e4hrend die Informationspflicht gem\u00e4\u00df Art. 13 der EU-Verordnung 679\/2016, die der Website-Manager, wenn er nur solche Ger\u00e4te verwendet, in der Weise bereitstellen kann, die er f\u00fcr am besten geeignet h\u00e4lt.<\/p>\n<p align=\"justify\"><strong>Die Seiten von FOR LIVING SRL verwenden technische oder \u00e4hnliche Cookies:<\/strong><\/p>\n<ul>\n<li>Die Websites, die das Informationsbanner anzeigen, das gem\u00e4\u00df der Bestimmung des Datenschutzgaranten Nr. 229 vom 05.08.2014 ein technisches Cookie auf dem Ger\u00e4t des Besuchers installieren, um nachzuweisen, dass auf die Schaltfl\u00e4che \u201eOK\u201c geklickt wurde, und das verhindert, dass das Banner wiederholt wird. Wird dieses Cookie gel\u00f6scht, erscheint das Banner wieder beim ersten Schritt auf der Seite.<\/li>\n<li><span style=\"background-color: #ffffff;\">Das Cookie hei\u00dft <strong>catAccCookies<\/strong> <\/span><br \/><span style=\"background-color: #ffffff;\"><strong>Beschreibung des Zwecks des Cookies<\/strong>: Bestimmt, ob der Besucher die Cookie-Zustimmungsbox akzeptiert hat. Dadurch wird verhindert, dass das Zustimmungsfeld bei der R\u00fcckkehr erneut angezeigt wird. <\/span><br \/><span style=\"background-color: #ffffff;\"><b>Initialisierer:<\/b> Quellzeilennummer Seite 2615-2624<\/span><br \/><span style=\"background-color: #ffffff;\"><b>Quelle<\/b>: Inline-Skript<\/span><br \/><span style=\"background-color: #ffffff;\"><b>Daten gesendet an<\/b>: USA (geeignet) Geeignetes<\/span><br \/><span style=\"background-color: #ffffff;\">Land gem\u00e4\u00df DSGVO (EU)<\/span><\/li>\n<li><span style=\"background-color: #ffffff;\">Das Cookie hei\u00dft  <strong>_ga<\/strong> <\/span><br \/><span style=\"background-color: #ffffff;\"><strong>Beschreibung des Zwecks des Cookies<\/strong>: Es registriert eine eindeutige ID, die verwendet wird, um statistische Daten dar\u00fcber zu generieren, wie der Besucher die Website nutzt.<\/span><br \/><span style=\"background-color: #ffffff;\"><b>Initialisierer<\/b>: Quellzeilennummer Seite 89-95<\/span><br \/><span style=\"background-color: #ffffff;\"><b>Quelle<\/b>: Inline-Skript<\/span><br \/><span style=\"background-color: #ffffff;\"><b>Daten gesendet an<\/b>: USA (geeignet) Geeignetes<\/span><br \/><span style=\"background-color: #ffffff;\">Land gem\u00e4\u00df DSGVO (EU)<\/span><\/li>\n<li><span style=\"background-color: #ffffff;\">Das Cookie hei\u00dft <strong>_gat<\/strong> <\/span><br \/><span style=\"background-color: #ffffff;\"><strong>Beschreibung des Zwecks des Cookies<\/strong>: Wird von Google Analytics verwendet, um die H\u00e4ufigkeit von Anfragen zu begrenzen.<\/span><br \/><span style=\"background-color: #ffffff;\"><b>Initialisierer<\/b>: Quellzeilennummer Seite 89-95<\/span><br \/><span style=\"background-color: #ffffff;\"><b>Quelle<\/b>: Inline-Skript<\/span><br \/><span style=\"background-color: #ffffff;\"><b>Daten gesendet an<\/b>: USA (geeignet) Geeignetes<\/span><br \/><span style=\"background-color: #ffffff;\">Land gem\u00e4\u00df DSGVO (EU)<\/span><\/li>\n<li><span style=\"background-color: #ffffff;\">Das Cookie hei\u00dft <strong>_gid<\/strong> <\/span><br \/><span style=\"background-color: #ffffff;\"><strong>Beschreibung des Zwecks des Cookies<\/strong>: Registriert eine eindeutige ID, die verwendet wird, um statistische Daten dar\u00fcber zu generieren, wie der Besucher die Website nutzt.<\/span><br \/><span style=\"background-color: #ffffff;\"><b>Initialisierer<\/b>: Quellzeilennummer Seite 89-95<\/span><br \/><span style=\"background-color: #ffffff;\"><b>Quelle<\/b>: Inline-Skript<\/span><br \/><span style=\"background-color: #ffffff;\"><b>Daten gesendet an<\/b>: USA (geeignet) Geeignetes<\/span><br \/><span style=\"background-color: #ffffff;\">Land gem\u00e4\u00df DSGVO (EU)<\/span><\/li>\n<li><span style=\"background-color: #ffffff;\">Das Cookie hei\u00dft <strong>collect<\/strong> <\/span><br \/><span style=\"background-color: #ffffff;\"><strong>Beschreibung des Zwecks des Cookies<\/strong>: Wird verwendet, um Daten \u00fcber das Ger\u00e4t und das Benutzerverhalten an Google Analytics zu senden. Es verfolgt den Benutzer \u00fcber Ger\u00e4te und Marketingkan\u00e4le hinweg.<\/span><br \/><span style=\"background-color: #ffffff;\"><b>Initialisierer<\/b>: Quellzeilennummer Seite 89-95<\/span><br \/><span style=\"background-color: #ffffff;\"><b>Quelle<\/b>: Inline-Skript<br \/><b>Daten gesendet an<\/b>: USA (geeignet) Geeignetes<\/span><br \/><span style=\"background-color: #ffffff;\">Land gem\u00e4\u00df DSGVO (EU)<\/span><\/li>\n<li>Die meisten Websites von FOR LIVING SRL verwenden <strong>Google Analytics<\/strong>, einen Web-Traffic-Analysedienst von Google, Inc., der seine eigenen Cookies installiert, um Informationen \u00fcber das Nutzungsverhalten der Benutzer von FOR LIVING SRL-Websites zu sammeln und zu analysieren. Diese Cookies werden verwendet, um nicht personenbezogene Informationen zu speichern. F\u00fcr Informationen zu Google Analytics-Cookies: <span style=\"color: #aaa096;\"><strong><a style=\"color: #aaa096;\" href=\"https:\/\/developers.google.com\/analytics\/devguides\/collection\/analyticsjs\/cookie-usage\" target=\"_blank\" rel=\"noopener noreferrer\">Klicken Sie hier<\/a><\/strong><\/span>.\n<\/li>\n<\/ul>\n<p><strong>For Living Srl ergreift geeignete Ma\u00dfnahmen, um die Identifizierungsf\u00e4higkeit dieser Cookies zu verringern, indem die IP-Adresse des Besuchers auf<\/strong><br \/>\ndie von Google selbst angegebene Weise anonymisiert wird:<br \/><a href=\"https:\/\/developers.google.com\/analytics\/devguides\/collection\/analyticsjs\/#anonymizeip\" target=\"_blank\" rel=\"noopener noreferrer\">IP Anonymization<\/a><\/p>\n<p align=\"justify\">Google Analytics sch\u00fctzt die Vertraulichkeit Ihrer Daten auf verschiedene Weise:<\/p>\n<ul>\n<li>Die Nutzungsbedingungen von Google Analytics, die alle Google Analytics-Kunden einhalten m\u00fcssen, verbieten das Senden personenbezogener Daten an Google Analytics. Personenbezogene Daten umfassen alle Daten, die Google verwenden kann, um eine Person wahrscheinlich zu identifizieren, einschlie\u00dflich, aber nicht beschr\u00e4nkt auf Namen, E-Mail-Adressen oder Rechnungsinformationen;<\/li>\n<li>Es ist nicht gestattet, Google Analytics-Daten ohne die Zustimmung des Kunden an Dritte weiterzugeben, au\u00dfer unter bestimmten Umst\u00e4nden, z. B. wenn dies gesetzlich vorgeschrieben ist;<\/li>\n<li>Die sicherheitserfahrenen Engineering-Teams von Google sch\u00fctzen Ihre Daten vor externen Bedrohungen. Der interne Zugriff auf Daten ist streng reguliert und unterliegt den Zugriffskontrollen und -verfahren der Mitarbeiter.<\/li>\n<\/ul>\n<p>Weitere Informationen finden Sie unter folgendem Link: <span style=\"color: #aaa096;\"><strong><a style=\"color: #aaa096;\" href=\"https:\/\/support.google.com\/analytics\/answer\/6004245\" target=\"_blank\" rel=\"noopener noreferrer\">hier klicken<\/a><\/strong><\/span><\/p>\n<p align=\"justify\">Der Benutzer kann die Aktion von Google Analytics selektiv deaktivieren, indem er die von Google bereitgestellte Deaktivierungskomponente in seinem Browser installiert. Um die Aktion von Google Analytics zu deaktivieren, verwenden Sie bitte den folgenden Link: https:\/\/tools.google.com\/dlpage\/gaoptout<\/p>\n<p align=\"justify\"><strong>\u201eProfiling\u201c<\/strong><br \/>-Cookies Profiling-Cookies dienen der Erstellung von Benutzerprofilen und werden verwendet, um Werbebotschaften gem\u00e4\u00df den vom Benutzer beim Surfen im Internet ge\u00e4u\u00dferten Pr\u00e4ferenzen zu versenden. Aufgrund der besonderen Invasivit\u00e4t, die solche Ger\u00e4te in die Privatsph\u00e4re der Benutzer haben k\u00f6nnen, sieht die europ\u00e4ische und italienische Gesetzgebung vor, dass der Benutzer angemessen \u00fcber die Verwendung derselben informiert wird und somit seine g\u00fcltige Zustimmung ausdr\u00fcckt.<\/p>\n<p align=\"justify\">Die Kunst. 122 des Kodex, wo er vorsieht, dass \u201edie Speicherung von Informationen im Endger\u00e4t eines Auftragnehmers oder eines Benutzers oder der Zugriff auf bereits gespeicherte Informationen nur unter der Bedingung zul\u00e4ssig ist, dass der Auftragnehmer oder Benutzer seine Zustimmung erteilt hat, nachdem er \u00fcber die vereinfachten Informationen informiert wurde Verfahren nach Artikel 13 Absatz 3 &#8222;(Artikel 122 Absatz 1 des Kodex).<\/p>\n<p align=\"justify\"><strong>\u201eDrittanbieter\u201c<\/strong><br \/>-Cookies Beim Besuch einer Website k\u00f6nnen Sie Cookies sowohl von der besuchten Website (\u201epropriet\u00e4r\u201c) als auch von Websites erhalten, die von anderen Organisationen (\u201eDrittanbieter\u201c) verwaltet werden. Ein Beispiel sind die \u201eSocial Plugins\u201c von Instagram. Dies sind Teile der besuchten Seite, die direkt von den oben genannten Sites generiert und in die Seite der Host-Site integriert werden. Die h\u00e4ufigste Verwendung von Social Plugins zielt darauf ab, Inhalte in sozialen Netzwerken zu teilen.<\/p>\n<p align=\"justify\">Das Vorhandensein dieser Plugins beinhaltet die \u00dcbertragung von Cookies zu und von allen Websites, die von Dritten verwaltet werden. Die Verwaltung der von &#8222;Dritten&#8220; gesammelten Informationen wird durch die entsprechenden Informationen geregelt, auf die verwiesen werden sollte. Um mehr Transparenz und Komfort zu gew\u00e4hrleisten, werden die Webadressen der verschiedenen Informationen und Methoden zur Verwaltung von Cookies unten angezeigt.<\/p>\n<p align=\"justify\">Instagram: https:\/\/instagram.com\/legal\/cookies\/<\/p>\n<p align=\"justify\"><strong>COOKIE-DAUER<\/strong><br \/>Einige Cookies (Session-Cookies) bleiben nur aktiv, bis der Browser geschlossen oder der Abmeldebefehl ausgef\u00fchrt wird. Andere Cookies &#8222;\u00fcberleben&#8220;, wenn der Browser geschlossen wird, und sind auch bei sp\u00e4teren Besuchen des Benutzers verf\u00fcgbar.<\/p>\n<p align=\"justify\">Diese Cookies werden dauerhaft genannt und ihre Dauer wird vom Server zum Zeitpunkt ihrer Erstellung festgelegt. In einigen F\u00e4llen ist eine Frist gesetzt, in anderen F\u00e4llen ist die Dauer unbegrenzt.<\/p>\n<p align=\"justify\">Indem Sie die Seiten der Website durchsuchen, k\u00f6nnen Sie mit Websites interagieren, die von Dritten verwaltet werden, die dauerhafte Cookies und Profiling-Cookies erstellen oder \u00e4ndern k\u00f6nnen.<\/p>\n<p align=\"justify\"><strong>VERWALTUNG VON COOKIES DURCH DEN BESUCHER<\/strong><br \/>Der Benutzer kann \u00fcber die Einstellungen seines Browsers entscheiden, ob er Cookies akzeptiert oder nicht.<\/p>\n<p align=\"justify\">Die vollst\u00e4ndige oder teilweise Deaktivierung technischer Cookies beeintr\u00e4chtigt nicht die Nutzung der Funktionen der Website.<\/p>\n<p align=\"justify\">Die Einstellung kann spezifisch f\u00fcr verschiedene Websites und Webanwendungen definiert werden.<\/p>\n<p align=\"justify\">Die folgenden Webressourcen veranschaulichen, wie Sie f\u00fcr jeden der Hauptbrowser vorgehen:<\/p>\n<p>Chrome: <span style=\"color: #aaa096;\"><strong><a style=\"color: #aaa096;\" href=\"https:\/\/support.google.com\/chrome\/answer\/95647?hl=it\" target=\"_blank\" rel=\"noopener noreferrer\">hier klicken<\/a><\/strong><\/span><br \/>Firefox: <span style=\"color: #aaa096;\"><strong><a style=\"color: #aaa096;\" href=\"https:\/\/support.mozilla.org\/it\/kb\/Gestione%20dei%20cookie\" target=\"_blank\" rel=\"noopener noreferrer\">hier klicken<\/a><\/strong><\/span><br \/>Internet Explorer: <span style=\"color: #aaa096;\"><strong><a style=\"color: #aaa096;\" href=\"http:\/\/windows.microsoft.com\/it-it\/windows7\/how-to-manage-cookies-in-internet-explorer-9\" target=\"_blank\" rel=\"noopener noreferrer\">hier klicken<\/a><\/strong><\/span><br \/>Opera: <strong><span style=\"color: #aaa096;\"><a style=\"color: #aaa096;\" href=\"http:\/\/help.opera.com\/Windows\/10.00\/it\/cookies.html\" target=\"_blank\" rel=\"noopener noreferrer\">hier klicken<\/a><\/span><\/strong><br \/>Safari: <span style=\"color: #aaa096;\"><strong><a style=\"color: #aaa096;\" href=\"http:\/\/support.apple.com\/kb\/HT1677?viewlocale=it_IT\" target=\"_blank\" rel=\"noopener noreferrer\">hier klicken<\/a><\/strong><\/span><\/p>\n<p align=\"justify\"><strong>NAVIGATIONSDATEN<\/strong><br \/>For Living Srl speichert die Protokolldateien seiner Webserver: Diese Daten werden ausschlie\u00dflich f\u00fcr statistische Zwecke und f\u00fcr etwaige Sicherheitsprobleme verwendet.<\/p>\n<p align=\"justify\">Zu statistischen Zwecken verarbeitet For Living Srl intern die Protokolle seines Webservers \u00fcber die <a href=\"https:\/\/httpd.apache.org\/\" target=\"_blank\" rel=\"noopener noreferrer\"><strong>Apache<\/strong><\/a>-Software . Die verarbeiteten Daten werden nicht ver\u00f6ffentlicht.<\/p>\n<p align=\"justify\"><a href=\"https:\/\/www.forlivinginterior.ch\/de\/rechtshinweise\/\">RECHTLICHE HINWEISE<img decoding=\"async\" src=\"https:\/\/www.forlivinginterior.ch\/wp-content\/uploads\/2019\/10\/arrow_right.svg\"><\/a><\/p>\n\n\n","protected":false},"excerpt":{"rendered":"","protected":false},"author":2,"featured_media":0,"parent":0,"menu_order":0,"comment_status":"closed","ping_status":"closed","template":"","meta":{"inline_featured_image":false,"footnotes":""},"class_list":["post-11796","page","type-page","status-publish","hentry"],"yoast_head":"<!-- This site is optimized with the Yoast SEO plugin v27.5 - https:\/\/yoast.com\/product\/yoast-seo-wordpress\/ -->\n<title>Cookie Policy DE - For Living<\/title>\n<meta name=\"robots\" content=\"index, nofollow, max-snippet:-1, max-image-preview:large, max-video-preview:-1\" \/>\n<link rel=\"canonical\" href=\"https:\/\/www.forlivinginterior.ch\/de\/cookie-policy-de\/\" \/>\n<meta property=\"og:locale\" content=\"de_DE\" \/>\n<meta property=\"og:type\" content=\"article\" \/>\n<meta property=\"og:title\" content=\"Cookie Policy DE - For Living\" \/>\n<meta property=\"og:url\" content=\"https:\/\/www.forlivinginterior.ch\/de\/cookie-policy-de\/\" \/>\n<meta property=\"og:site_name\" content=\"For Living\" \/>\n<meta property=\"article:modified_time\" content=\"2022-09-20T17:22:01+00:00\" \/>\n<meta property=\"og:image\" content=\"https:\/\/www.forlivinginterior.ch\/wp-content\/uploads\/2019\/10\/arrow_right.svg\" \/>\n<meta name=\"twitter:card\" content=\"summary_large_image\" \/>\n<meta name=\"twitter:label1\" content=\"Gesch\u00e4tzte Lesezeit\" \/>\n\t<meta name=\"twitter:data1\" content=\"9\u00a0Minuten\" \/>\n<script type=\"application\/ld+json\" class=\"yoast-schema-graph\">{\"@context\":\"https:\\\/\\\/schema.org\",\"@graph\":[{\"@type\":\"WebPage\",\"@id\":\"https:\\\/\\\/www.forlivinginterior.ch\\\/de\\\/cookie-policy-de\\\/\",\"url\":\"https:\\\/\\\/www.forlivinginterior.ch\\\/de\\\/cookie-policy-de\\\/\",\"name\":\"Cookie Policy DE - For Living\",\"isPartOf\":{\"@id\":\"https:\\\/\\\/www.forlivinginterior.ch\\\/#website\"},\"primaryImageOfPage\":{\"@id\":\"https:\\\/\\\/www.forlivinginterior.ch\\\/de\\\/cookie-policy-de\\\/#primaryimage\"},\"image\":{\"@id\":\"https:\\\/\\\/www.forlivinginterior.ch\\\/de\\\/cookie-policy-de\\\/#primaryimage\"},\"thumbnailUrl\":\"https:\\\/\\\/www.forlivinginterior.ch\\\/wp-content\\\/uploads\\\/2019\\\/10\\\/arrow_right.svg\",\"datePublished\":\"2022-09-10T12:05:19+00:00\",\"dateModified\":\"2022-09-20T17:22:01+00:00\",\"breadcrumb\":{\"@id\":\"https:\\\/\\\/www.forlivinginterior.ch\\\/de\\\/cookie-policy-de\\\/#breadcrumb\"},\"inLanguage\":\"de\",\"potentialAction\":[{\"@type\":\"ReadAction\",\"target\":[\"https:\\\/\\\/www.forlivinginterior.ch\\\/de\\\/cookie-policy-de\\\/\"]}]},{\"@type\":\"ImageObject\",\"inLanguage\":\"de\",\"@id\":\"https:\\\/\\\/www.forlivinginterior.ch\\\/de\\\/cookie-policy-de\\\/#primaryimage\",\"url\":\"https:\\\/\\\/www.forlivinginterior.ch\\\/wp-content\\\/uploads\\\/2019\\\/10\\\/arrow_right.svg\",\"contentUrl\":\"https:\\\/\\\/www.forlivinginterior.ch\\\/wp-content\\\/uploads\\\/2019\\\/10\\\/arrow_right.svg\"},{\"@type\":\"BreadcrumbList\",\"@id\":\"https:\\\/\\\/www.forlivinginterior.ch\\\/de\\\/cookie-policy-de\\\/#breadcrumb\",\"itemListElement\":[{\"@type\":\"ListItem\",\"position\":1,\"name\":\"Home\",\"item\":\"https:\\\/\\\/www.forlivinginterior.ch\\\/de\\\/\"},{\"@type\":\"ListItem\",\"position\":2,\"name\":\"Cookie Policy DE\"}]},{\"@type\":\"WebSite\",\"@id\":\"https:\\\/\\\/www.forlivinginterior.ch\\\/#website\",\"url\":\"https:\\\/\\\/www.forlivinginterior.ch\\\/\",\"name\":\"For Living\",\"description\":\"Bespoke made in Italy interiors.\",\"potentialAction\":[{\"@type\":\"SearchAction\",\"target\":{\"@type\":\"EntryPoint\",\"urlTemplate\":\"https:\\\/\\\/www.forlivinginterior.ch\\\/?s={search_term_string}\"},\"query-input\":{\"@type\":\"PropertyValueSpecification\",\"valueRequired\":true,\"valueName\":\"search_term_string\"}}],\"inLanguage\":\"de\"}]}<\/script>\n<!-- \/ Yoast SEO plugin. -->","yoast_head_json":{"title":"Cookie Policy DE - For Living","robots":{"index":"index","follow":"nofollow","max-snippet":"max-snippet:-1","max-image-preview":"max-image-preview:large","max-video-preview":"max-video-preview:-1"},"canonical":"https:\/\/www.forlivinginterior.ch\/de\/cookie-policy-de\/","og_locale":"de_DE","og_type":"article","og_title":"Cookie Policy DE - For Living","og_url":"https:\/\/www.forlivinginterior.ch\/de\/cookie-policy-de\/","og_site_name":"For Living","article_modified_time":"2022-09-20T17:22:01+00:00","og_image":[{"url":"https:\/\/www.forlivinginterior.ch\/wp-content\/uploads\/2019\/10\/arrow_right.svg","type":"","width":"","height":""}],"twitter_card":"summary_large_image","twitter_misc":{"Gesch\u00e4tzte Lesezeit":"9\u00a0Minuten"},"schema":{"@context":"https:\/\/schema.org","@graph":[{"@type":"WebPage","@id":"https:\/\/www.forlivinginterior.ch\/de\/cookie-policy-de\/","url":"https:\/\/www.forlivinginterior.ch\/de\/cookie-policy-de\/","name":"Cookie Policy DE - For Living","isPartOf":{"@id":"https:\/\/www.forlivinginterior.ch\/#website"},"primaryImageOfPage":{"@id":"https:\/\/www.forlivinginterior.ch\/de\/cookie-policy-de\/#primaryimage"},"image":{"@id":"https:\/\/www.forlivinginterior.ch\/de\/cookie-policy-de\/#primaryimage"},"thumbnailUrl":"https:\/\/www.forlivinginterior.ch\/wp-content\/uploads\/2019\/10\/arrow_right.svg","datePublished":"2022-09-10T12:05:19+00:00","dateModified":"2022-09-20T17:22:01+00:00","breadcrumb":{"@id":"https:\/\/www.forlivinginterior.ch\/de\/cookie-policy-de\/#breadcrumb"},"inLanguage":"de","potentialAction":[{"@type":"ReadAction","target":["https:\/\/www.forlivinginterior.ch\/de\/cookie-policy-de\/"]}]},{"@type":"ImageObject","inLanguage":"de","@id":"https:\/\/www.forlivinginterior.ch\/de\/cookie-policy-de\/#primaryimage","url":"https:\/\/www.forlivinginterior.ch\/wp-content\/uploads\/2019\/10\/arrow_right.svg","contentUrl":"https:\/\/www.forlivinginterior.ch\/wp-content\/uploads\/2019\/10\/arrow_right.svg"},{"@type":"BreadcrumbList","@id":"https:\/\/www.forlivinginterior.ch\/de\/cookie-policy-de\/#breadcrumb","itemListElement":[{"@type":"ListItem","position":1,"name":"Home","item":"https:\/\/www.forlivinginterior.ch\/de\/"},{"@type":"ListItem","position":2,"name":"Cookie Policy DE"}]},{"@type":"WebSite","@id":"https:\/\/www.forlivinginterior.ch\/#website","url":"https:\/\/www.forlivinginterior.ch\/","name":"For Living","description":"Bespoke made in Italy interiors.","potentialAction":[{"@type":"SearchAction","target":{"@type":"EntryPoint","urlTemplate":"https:\/\/www.forlivinginterior.ch\/?s={search_term_string}"},"query-input":{"@type":"PropertyValueSpecification","valueRequired":true,"valueName":"search_term_string"}}],"inLanguage":"de"}]}},"_links":{"self":[{"href":"https:\/\/www.forlivinginterior.ch\/de\/wp-json\/wp\/v2\/pages\/11796","targetHints":{"allow":["GET"]}}],"collection":[{"href":"https:\/\/www.forlivinginterior.ch\/de\/wp-json\/wp\/v2\/pages"}],"about":[{"href":"https:\/\/www.forlivinginterior.ch\/de\/wp-json\/wp\/v2\/types\/page"}],"author":[{"embeddable":true,"href":"https:\/\/www.forlivinginterior.ch\/de\/wp-json\/wp\/v2\/users\/2"}],"replies":[{"embeddable":true,"href":"https:\/\/www.forlivinginterior.ch\/de\/wp-json\/wp\/v2\/comments?post=11796"}],"version-history":[{"count":0,"href":"https:\/\/www.forlivinginterior.ch\/de\/wp-json\/wp\/v2\/pages\/11796\/revisions"}],"wp:attachment":[{"href":"https:\/\/www.forlivinginterior.ch\/de\/wp-json\/wp\/v2\/media?parent=11796"}],"curies":[{"name":"wp","href":"https:\/\/api.w.org\/{rel}","templated":true}]}}