{"id":11094,"date":"2022-06-16T12:08:31","date_gmt":"2022-06-16T10:08:31","guid":{"rendered":"https:\/\/www.forlivinginterior.ch\/?page_id=11094"},"modified":"2022-11-01T10:42:25","modified_gmt":"2022-11-01T09:42:25","slug":"appartment-in-mailand","status":"publish","type":"page","link":"https:\/\/www.forlivinginterior.ch\/de\/residential-de\/appartment-in-mailand\/","title":{"rendered":"Appartment in Mailand"},"content":{"rendered":"\n\n\t<section class=\"section\" id=\"section_1367709284\">\n\t\t<div class=\"section-bg fill\" >\n\t\t\t\t\t\t\t\t\t\n\t\t\t\n\n\t\t<\/div>\n\n\t\t\n\n\t\t<div class=\"section-content relative\">\n\t\t\t\n\n<div class=\"row align-bottom\"  id=\"row-291761293\">\n\n\n\t<div id=\"col-1344546679\" class=\"col medium-6 small-12 large-6\"  >\n\t\t\t\t<div class=\"col-inner\"  >\n\t\t\t\n\t\t\t\n\n\n  <div class=\"banner has-hover\" id=\"banner-1584476932\">\n          <div class=\"banner-inner fill\">\n        <div class=\"banner-bg fill\" >\n            <img loading=\"lazy\" decoding=\"async\" width=\"510\" height=\"500\" src=\"https:\/\/www.forlivinginterior.ch\/wp-content\/uploads\/2020\/03\/bespoke-interior-design-Milano-apartment-walk-in-closet-for-living-fantibozzetti.jpg\" class=\"bg attachment-original size-original\" alt=\"bespoke interior design Milano apartment walk in closet for living fantibozzetti\" \/>                                    \n                    <\/div>\n\t\t\n        <div class=\"banner-layers container\">\n            <div class=\"fill banner-link\"><\/div>            \n\n\n        <\/div>\n      <\/div>\n\n            \n<style>\n#banner-1584476932 {\n  padding-top: 300px;\n}\n@media (min-width:550px) {\n  #banner-1584476932 {\n    padding-top: 500px;\n  }\n}\n<\/style>\n  <\/div>\n\n\n\n\t\t<\/div>\n\t\t\t\t\t<\/div>\n\n\t\n\n\t<div id=\"col-1626442867\" class=\"col medium-6 small-12 large-6\"  >\n\t\t\t\t<div class=\"col-inner\"  >\n\t\t\t\n\t\t\t\n\n\t<div id=\"gap-927550883\" class=\"gap-element clearfix\" style=\"display:block; height:auto;\">\n\t\t\n<style>\n#gap-927550883 {\n  padding-top: 30px;\n}\n<\/style>\n\t<\/div>\n\t\n\n<h1>APPARTMENT IN MAILAND<\/h1>\n<p><strong>Projekt<\/strong><br \/>Privates Appartment<\/p>\n<p><strong>Ort<\/strong><br \/>Mailand, Italien<\/p>\n<p><strong>Fl\u00e4che<\/strong><br \/>100 qm<\/p>\n<p><strong>Leistungen <\/strong><br \/>Restaurierung von Stilfenstern, M\u00f6bel- Sonderanfertigungen, T\u00fcren, Badm\u00f6bel, Wandverkleidungen.<\/p>\n<p><strong>Photo courtesy<\/strong><br \/>Fanti Bozzetti<\/p>\n<p>\u00a0<\/p>\n\n\n\t\t<\/div>\n\t\t\t\t\t<\/div>\n\n\t\n\n<\/div>\n\n\t\t<\/div>\n\n\t\t\n<style>\n#section_1367709284 {\n  padding-top: 0px;\n  padding-bottom: 0px;\n}\n@media (min-width:550px) {\n  #section_1367709284 {\n    padding-top: 30px;\n    padding-bottom: 30px;\n  }\n}\n<\/style>\n\t<\/section>\n\t\n  <div class=\"banner-grid-wrapper\">\n  <div id=\"banner-grid-780106185\" class=\"banner-grid row row-grid hide-for-medium row-small row-full-width\" data-packery-options=\"\">\n                      \n\n<div class=\"col grid-col large-4 grid-col-1-2\" ><div class=\"col-inner\">\n\n\n  <div class=\"banner has-hover\" id=\"banner-1524960828\">\n          <div class=\"banner-inner fill\">\n        <div class=\"banner-bg fill\" >\n                                                \n                    <\/div>\n\t\t\n        <div class=\"banner-layers container\">\n            <div class=\"fill banner-link\"><\/div>            \n\n   <div id=\"text-box-820935179\" class=\"text-box banner-layer x100 md-x100 lg-x100 y50 md-y50 lg-y50 res-text\">\n                                <div class=\"text-box-content text \">\n              \n              <div class=\"text-inner text-right\">\n                  \n\n<h4 class=\"uppercase\"><a href=\"https:\/\/www.forlivinginterior.ch\/de\/residential-de\/appartment-in-mailand\/gallerie-appartment-in-mailand\/\"><span style=\"font-size: 45%;\"><strong>BILDERGALERIE ANSEHEN<\/strong> <\/span><\/a><a href=\"https:\/\/www.forlivinginterior.ch\/de\/residential-de\/appartment-in-mailand\/gallerie-appartment-in-mailand\/\"><img loading=\"lazy\" decoding=\"async\" class=\"icona alignnone\" src=\"https:\/\/www.forlivinginterior.ch\/wp-content\/uploads\/2019\/10\/gallery.png\" alt=\"\" width=\"64\" height=\"27\"><\/a><\/h4>\n\n              <\/div>\n           <\/div>\n                            \n<style>\n#text-box-820935179 {\n  width: 90%;\n}\n#text-box-820935179 .text-box-content {\n  font-size: 100%;\n}\n<\/style>\n    <\/div>\n \n\n        <\/div>\n      <\/div>\n\n            \n<style>\n#banner-1524960828 {\n  padding-top: 500px;\n  background-color: rgb(255, 255, 255);\n}\n<\/style>\n  <\/div>\n\n\n\n<\/div><\/div>\n<div class=\"col grid-col large-8 grid-col-1\" ><div class=\"col-inner\">\n\n\t<div class=\"img has-hover x md-x lg-x y md-y lg-y\" id=\"image_391691990\">\n\t\t\t\t\t\t\t\t<div class=\"img-inner dark\" >\n\t\t\t<img loading=\"lazy\" decoding=\"async\" width=\"1250\" height=\"580\" src=\"https:\/\/www.forlivinginterior.ch\/wp-content\/uploads\/2020\/03\/bespoke-interior-design-Milano-apartment-livingroom-window-for-living-fantibozzetti.jpg\" class=\"attachment-original size-original\" alt=\"bespoke interior design Milano apartment livingroom window for living fantibozzetti\" srcset=\"https:\/\/www.forlivinginterior.ch\/wp-content\/uploads\/2020\/03\/bespoke-interior-design-Milano-apartment-livingroom-window-for-living-fantibozzetti.jpg 1250w, https:\/\/www.forlivinginterior.ch\/wp-content\/uploads\/2020\/03\/bespoke-interior-design-Milano-apartment-livingroom-window-for-living-fantibozzetti-300x139.jpg 300w, https:\/\/www.forlivinginterior.ch\/wp-content\/uploads\/2020\/03\/bespoke-interior-design-Milano-apartment-livingroom-window-for-living-fantibozzetti-1024x475.jpg 1024w, https:\/\/www.forlivinginterior.ch\/wp-content\/uploads\/2020\/03\/bespoke-interior-design-Milano-apartment-livingroom-window-for-living-fantibozzetti-768x356.jpg 768w\" sizes=\"auto, (max-width: 1250px) 100vw, 1250px\" \/>\t\t\t\t\t\t\n\t\t\t\t\t<\/div>\n\t\t\t\t\t\t\t\t\n<style>\n#image_391691990 {\n  width: 100%;\n}\n<\/style>\n\t<\/div>\n\t\n\n\n<\/div><\/div>\n<div class=\"col grid-col large-4 grid-col-2-3\" ><div class=\"col-inner\">\n\n\t<div class=\"img has-hover x md-x lg-x y md-y lg-y\" id=\"image_67819358\">\n\t\t\t\t\t\t\t\t<div class=\"img-inner dark\" >\n\t\t\t<img loading=\"lazy\" decoding=\"async\" width=\"615\" height=\"380\" src=\"https:\/\/www.forlivinginterior.ch\/wp-content\/uploads\/2020\/03\/bespoke-interior-design-Milano-apartment-bed-for-living-fantibozzetti.jpeg\" class=\"attachment-original size-original\" alt=\"bespoke interior design Milano apartment bed for living fantibozzetti\" srcset=\"https:\/\/www.forlivinginterior.ch\/wp-content\/uploads\/2020\/03\/bespoke-interior-design-Milano-apartment-bed-for-living-fantibozzetti.jpeg 615w, https:\/\/www.forlivinginterior.ch\/wp-content\/uploads\/2020\/03\/bespoke-interior-design-Milano-apartment-bed-for-living-fantibozzetti-300x185.jpeg 300w\" sizes=\"auto, (max-width: 615px) 100vw, 615px\" \/>\t\t\t\t\t\t\n\t\t\t\t\t<\/div>\n\t\t\t\t\t\t\t\t\n<style>\n#image_67819358 {\n  width: 100%;\n}\n<\/style>\n\t<\/div>\n\t\n\n\n<\/div><\/div>\n<div class=\"col grid-col large-8 grid-col-1\" ><div class=\"col-inner\">\n\n\t<div class=\"img has-hover x md-x lg-x y md-y lg-y\" id=\"image_241852282\">\n\t\t\t\t\t\t\t\t<div class=\"img-inner dark\" >\n\t\t\t<img loading=\"lazy\" decoding=\"async\" width=\"1280\" height=\"696\" src=\"https:\/\/www.forlivinginterior.ch\/wp-content\/uploads\/2020\/03\/bespoke-interior-design-Milano-apartment-kitchen2-for-living-fantibozzetti.jpeg\" class=\"attachment-original size-original\" alt=\"bespoke interior design Milano apartment kitchen2 for living fantibozzetti\" srcset=\"https:\/\/www.forlivinginterior.ch\/wp-content\/uploads\/2020\/03\/bespoke-interior-design-Milano-apartment-kitchen2-for-living-fantibozzetti.jpeg 1280w, https:\/\/www.forlivinginterior.ch\/wp-content\/uploads\/2020\/03\/bespoke-interior-design-Milano-apartment-kitchen2-for-living-fantibozzetti-300x163.jpeg 300w, https:\/\/www.forlivinginterior.ch\/wp-content\/uploads\/2020\/03\/bespoke-interior-design-Milano-apartment-kitchen2-for-living-fantibozzetti-1024x557.jpeg 1024w, https:\/\/www.forlivinginterior.ch\/wp-content\/uploads\/2020\/03\/bespoke-interior-design-Milano-apartment-kitchen2-for-living-fantibozzetti-768x418.jpeg 768w\" sizes=\"auto, (max-width: 1280px) 100vw, 1280px\" \/>\t\t\t\t\t\t\n\t\t\t\t\t<\/div>\n\t\t\t\t\t\t\t\t\n<style>\n#image_241852282 {\n  width: 100%;\n}\n<\/style>\n\t<\/div>\n\t\n\n\n<\/div><\/div>\n<div class=\"col grid-col large-4 grid-col-1-2\" ><div class=\"col-inner\">\n\n\n  <div class=\"banner has-hover\" id=\"banner-1604061955\">\n          <div class=\"banner-inner fill\">\n        <div class=\"banner-bg fill\" >\n                                                \n                    <\/div>\n\t\t\n        <div class=\"banner-layers container\">\n            <div class=\"fill banner-link\"><\/div>            \n\n   <div id=\"text-box-1054898783\" class=\"text-box banner-layer x100 md-x100 lg-x100 y50 md-y50 lg-y50 res-text\">\n                                <div class=\"text-box-content text \">\n              \n              <div class=\"text-inner text-right\">\n                  \n\n<h4 class=\"uppercase\"><a href=\"https:\/\/www.forlivinginterior.ch\/de\/residential-de\/appartment-in-mailand\/gallerie-appartment-in-mailand\/\"><span style=\"font-size: 45%;\"><strong>BILDERGALERIE ANSEHEN<\/strong> <\/span><\/a><a href=\"https:\/\/www.forlivinginterior.ch\/de\/residential-de\/appartment-in-mailand\/gallerie-appartment-in-mailand\/\"><img loading=\"lazy\" decoding=\"async\" class=\"icona alignnone\" src=\"https:\/\/www.forlivinginterior.ch\/wp-content\/uploads\/2019\/10\/gallery.png\" alt=\"\" width=\"64\" height=\"27\"><\/a><\/h4>\n\t<div id=\"gap-461355842\" class=\"gap-element clearfix\" style=\"display:block; height:auto;\">\n\t\t\n<style>\n#gap-461355842 {\n  padding-top: 30px;\n}\n<\/style>\n\t<\/div>\n\t\n\n<h4 class=\"uppercase\"><a href=\"https:\/\/www.forlivinginterior.ch\/de\/residential-de\/\"><img loading=\"lazy\" decoding=\"async\" class=\"icona alignnone\" src=\"https:\/\/www.forlivinginterior.ch\/wp-content\/uploads\/2019\/10\/arrow_left.png\" alt=\"\" width=\"80\" height=\"17\"><\/a> <a href=\"https:\/\/www.forlivinginterior.ch\/de\/residential-de\/\"><span style=\"font-size: 45%;\">Referenzen Residential<\/span><\/a><\/h4>\n\n              <\/div>\n           <\/div>\n                            \n<style>\n#text-box-1054898783 {\n  width: 90%;\n}\n#text-box-1054898783 .text-box-content {\n  font-size: 100%;\n}\n<\/style>\n    <\/div>\n \n\n        <\/div>\n      <\/div>\n\n            \n<style>\n#banner-1604061955 {\n  padding-top: 500px;\n  background-color: rgb(255, 255, 255);\n}\n<\/style>\n  <\/div>\n\n\n\n<\/div><\/div>\n\n            <\/div>\n    <style>\n    #banner-grid-780106185 .grid-col-1{height: 600px}\n    #banner-grid-780106185 .grid-col-1-2{height: 300px}\n    #banner-grid-780106185 .grid-col-1-3{height:200px}\n    #banner-grid-780106185 .grid-col-2-3{height: 400px}\n    #banner-grid-780106185 .grid-col-1-4{height: 150px}\n    #banner-grid-780106185 .grid-col-3-4{height: 450px}\n\n\n    \n    \n\n  <\/style>\n    <\/div>\n  \n\n\t<section class=\"section show-for-medium\" id=\"section_1395648951\">\n\t\t<div class=\"section-bg fill\" >\n\t\t\t\t\t\t\t\t\t\n\t\t\t\n\n\t\t<\/div>\n\n\t\t\n\n\t\t<div class=\"section-content relative\">\n\t\t\t\n\n<div class=\"row align-middle align-center\"  id=\"row-482351548\">\n\n\n\t<div id=\"col-1454467736\" class=\"col medium-6 small-12 large-12\"  >\n\t\t\t\t<div class=\"col-inner text-center\"  >\n\t\t\t\n\t\t\t\n\n<h4 class=\"uppercase\"><a href=\"https:\/\/www.forlivinginterior.ch\/de\/residential-de\/appartment-in-mailand\/gallerie-appartment-in-mailand\/\"><span style=\"font-size: 45%;\"><strong>BILDERGALERIE ANSEHEN<\/strong> <\/span><\/a><a href=\"https:\/\/www.forlivinginterior.ch\/de\/residential-de\/appartment-in-mailand\/gallerie-appartment-in-mailand\/\"><img loading=\"lazy\" decoding=\"async\" class=\"icona alignnone\" src=\"https:\/\/www.forlivinginterior.ch\/wp-content\/uploads\/2019\/10\/gallery.png\" alt=\"\" width=\"64\" height=\"27\"><\/a><\/h4>\n\n\t\t<\/div>\n\t\t\t\t\t<\/div>\n\n\t\n\n\t<div id=\"col-1555903426\" class=\"col medium-6 small-12 large-12\"  >\n\t\t\t\t<div class=\"col-inner text-center\"  >\n\t\t\t\n\t\t\t\n\n\t<div class=\"img has-hover x md-x lg-x y md-y lg-y\" id=\"image_1637183217\">\n\t\t<a class=\"image-lightbox lightbox-gallery\" title=\"\" href=\"https:\/\/www.forlivinginterior.ch\/wp-content\/uploads\/2020\/03\/bespoke-interior-design-Milano-apartment-livingroom-window-for-living-fantibozzetti-1024x475.jpg\">\t\t\t\t\t\t<div class=\"img-inner dark\" >\n\t\t\t<img loading=\"lazy\" decoding=\"async\" width=\"1250\" height=\"580\" src=\"https:\/\/www.forlivinginterior.ch\/wp-content\/uploads\/2020\/03\/bespoke-interior-design-Milano-apartment-livingroom-window-for-living-fantibozzetti.jpg\" class=\"attachment-original size-original\" alt=\"bespoke interior design Milano apartment livingroom window for living fantibozzetti\" srcset=\"https:\/\/www.forlivinginterior.ch\/wp-content\/uploads\/2020\/03\/bespoke-interior-design-Milano-apartment-livingroom-window-for-living-fantibozzetti.jpg 1250w, https:\/\/www.forlivinginterior.ch\/wp-content\/uploads\/2020\/03\/bespoke-interior-design-Milano-apartment-livingroom-window-for-living-fantibozzetti-300x139.jpg 300w, https:\/\/www.forlivinginterior.ch\/wp-content\/uploads\/2020\/03\/bespoke-interior-design-Milano-apartment-livingroom-window-for-living-fantibozzetti-1024x475.jpg 1024w, https:\/\/www.forlivinginterior.ch\/wp-content\/uploads\/2020\/03\/bespoke-interior-design-Milano-apartment-livingroom-window-for-living-fantibozzetti-768x356.jpg 768w\" sizes=\"auto, (max-width: 1250px) 100vw, 1250px\" \/>\t\t\t\t\t\t\n\t\t\t\t\t<\/div>\n\t\t\t\t\t\t<\/a>\t\t\n<style>\n#image_1637183217 {\n  width: 100%;\n}\n<\/style>\n\t<\/div>\n\t\n\n\n\t\t<\/div>\n\t\t\t\t\t<\/div>\n\n\t\n\n\t<div id=\"col-1719506309\" class=\"col medium-4 small-4 large-4\"  >\n\t\t\t\t<div class=\"col-inner\"  >\n\t\t\t\n\t\t\t\n\n\t<div class=\"img has-hover x md-x lg-x y md-y lg-y\" id=\"image_48035668\">\n\t\t<a class=\"image-lightbox lightbox-gallery\" title=\"\" href=\"https:\/\/www.forlivinginterior.ch\/wp-content\/uploads\/2020\/03\/bespoke-interior-design-Milano-apartment-bed-for-living-fantibozzetti.jpeg\">\t\t\t\t\t\t<div class=\"img-inner image-cover dark\" style=\"padding-top:108%;\">\n\t\t\t<img loading=\"lazy\" decoding=\"async\" width=\"615\" height=\"380\" src=\"https:\/\/www.forlivinginterior.ch\/wp-content\/uploads\/2020\/03\/bespoke-interior-design-Milano-apartment-bed-for-living-fantibozzetti.jpeg\" class=\"attachment-original size-original\" alt=\"bespoke interior design Milano apartment bed for living fantibozzetti\" srcset=\"https:\/\/www.forlivinginterior.ch\/wp-content\/uploads\/2020\/03\/bespoke-interior-design-Milano-apartment-bed-for-living-fantibozzetti.jpeg 615w, https:\/\/www.forlivinginterior.ch\/wp-content\/uploads\/2020\/03\/bespoke-interior-design-Milano-apartment-bed-for-living-fantibozzetti-300x185.jpeg 300w\" sizes=\"auto, (max-width: 615px) 100vw, 615px\" \/>\t\t\t\t\t\t\n\t\t\t\t\t<\/div>\n\t\t\t\t\t\t<\/a>\t\t\n<style>\n#image_48035668 {\n  width: 100%;\n}\n<\/style>\n\t<\/div>\n\t\n\n\n\t\t<\/div>\n\t\t\t\t\t<\/div>\n\n\t\n\n\t<div id=\"col-1979102173\" class=\"col medium-8 small-8 large-4\"  >\n\t\t\t\t<div class=\"col-inner\"  >\n\t\t\t\n\t\t\t\n\n\t<div class=\"img has-hover x md-x lg-x y md-y lg-y\" id=\"image_1297884038\">\n\t\t<a class=\"image-lightbox lightbox-gallery\" title=\"\" href=\"https:\/\/www.forlivinginterior.ch\/wp-content\/uploads\/2020\/03\/bespoke-interior-design-Milano-apartment-kitchen2-for-living-fantibozzetti-1024x557.jpeg\">\t\t\t\t\t\t<div class=\"img-inner dark\" >\n\t\t\t<img loading=\"lazy\" decoding=\"async\" width=\"1280\" height=\"696\" src=\"https:\/\/www.forlivinginterior.ch\/wp-content\/uploads\/2020\/03\/bespoke-interior-design-Milano-apartment-kitchen2-for-living-fantibozzetti.jpeg\" class=\"attachment-original size-original\" alt=\"bespoke interior design Milano apartment kitchen2 for living fantibozzetti\" srcset=\"https:\/\/www.forlivinginterior.ch\/wp-content\/uploads\/2020\/03\/bespoke-interior-design-Milano-apartment-kitchen2-for-living-fantibozzetti.jpeg 1280w, https:\/\/www.forlivinginterior.ch\/wp-content\/uploads\/2020\/03\/bespoke-interior-design-Milano-apartment-kitchen2-for-living-fantibozzetti-300x163.jpeg 300w, https:\/\/www.forlivinginterior.ch\/wp-content\/uploads\/2020\/03\/bespoke-interior-design-Milano-apartment-kitchen2-for-living-fantibozzetti-1024x557.jpeg 1024w, https:\/\/www.forlivinginterior.ch\/wp-content\/uploads\/2020\/03\/bespoke-interior-design-Milano-apartment-kitchen2-for-living-fantibozzetti-768x418.jpeg 768w\" sizes=\"auto, (max-width: 1280px) 100vw, 1280px\" \/>\t\t\t\t\t\t\n\t\t\t\t\t<\/div>\n\t\t\t\t\t\t<\/a>\t\t\n<style>\n#image_1297884038 {\n  width: 100%;\n}\n<\/style>\n\t<\/div>\n\t\n\n\n\t\t<\/div>\n\t\t\t\t\t<\/div>\n\n\t\n\n\t<div id=\"col-933361523\" class=\"col medium-4 small-12 large-12\"  >\n\t\t\t\t<div class=\"col-inner text-center\"  >\n\t\t\t\n\t\t\t\n\n<h4 class=\"uppercase\"><a href=\"https:\/\/www.forlivinginterior.ch\/de\/residential-de\/appartment-in-mailand\/gallerie-appartment-in-mailand\/\"><span style=\"font-size: 45%;\"><strong>BILDERGALERIE ANSEHEN<\/strong> <\/span><\/a><a href=\"https:\/\/www.forlivinginterior.ch\/de\/residential-de\/appartment-in-mailand\/gallerie-appartment-in-mailand\/\" data-wplink-edit=\"true\"><img loading=\"lazy\" decoding=\"async\" class=\"icona alignnone\" src=\"https:\/\/www.forlivinginterior.ch\/wp-content\/uploads\/2019\/10\/gallery.png\" alt=\"\" width=\"64\" height=\"27\"><\/a><\/h4>\n\n\t\t<\/div>\n\t\t\t\t\t<\/div>\n\n\t\n\n\t<div id=\"col-475042396\" class=\"col medium-8 small-12 large-12\"  >\n\t\t\t\t<div class=\"col-inner text-center\"  >\n\t\t\t\n\t\t\t\n\n<h4 class=\"uppercase\"><a href=\"https:\/\/www.forlivinginterior.ch\/de\/residential-de\/\"><img loading=\"lazy\" decoding=\"async\" class=\"icona alignnone\" src=\"https:\/\/www.forlivinginterior.ch\/wp-content\/uploads\/2019\/10\/arrow_left.png\" alt=\"\" width=\"80\" height=\"17\"><\/a> <a href=\"https:\/\/www.forlivinginterior.ch\/de\/residential-de\/\"><span style=\"font-size: 45%;\">referenzen residential<\/span><\/a><\/h4>\n\n\t\t<\/div>\n\t\t\t\t\t<\/div>\n\n\t\n\n<\/div>\n\n\t\t<\/div>\n\n\t\t\n<style>\n#section_1395648951 {\n  padding-top: 0px;\n  padding-bottom: 0px;\n}\n@media (min-width:550px) {\n  #section_1395648951 {\n    padding-top: 0px;\n    padding-bottom: 0px;\n  }\n}\n@media (min-width:850px) {\n  #section_1395648951 {\n    padding-top: 30px;\n    padding-bottom: 30px;\n  }\n}\n<\/style>\n\t<\/section>\n\t\n\t<div id=\"gap-1081040484\" class=\"gap-element clearfix hide-for-medium\" style=\"display:block; height:auto;\">\n\t\t\n<style>\n#gap-1081040484 {\n  padding-top: 50px;\n}\n<\/style>\n\t<\/div>\n\t\n\n\n","protected":false},"excerpt":{"rendered":"","protected":false},"author":2,"featured_media":0,"parent":11234,"menu_order":0,"comment_status":"closed","ping_status":"closed","template":"page-blank.php","meta":{"inline_featured_image":false,"footnotes":""},"class_list":["post-11094","page","type-page","status-publish","hentry"],"yoast_head":"<!-- This site is optimized with the Yoast SEO plugin v27.5 - https:\/\/yoast.com\/product\/yoast-seo-wordpress\/ -->\n<title>Appartment in Mailand - For Living<\/title>\n<meta name=\"robots\" content=\"index, follow, max-snippet:-1, max-image-preview:large, max-video-preview:-1\" \/>\n<link rel=\"canonical\" href=\"https:\/\/www.forlivinginterior.ch\/de\/residential-de\/appartment-in-mailand\/\" \/>\n<meta property=\"og:locale\" content=\"de_DE\" \/>\n<meta property=\"og:type\" content=\"article\" \/>\n<meta property=\"og:title\" content=\"Appartment in Mailand - For Living\" \/>\n<meta property=\"og:url\" content=\"https:\/\/www.forlivinginterior.ch\/de\/residential-de\/appartment-in-mailand\/\" \/>\n<meta property=\"og:site_name\" content=\"For Living\" \/>\n<meta property=\"article:modified_time\" content=\"2022-11-01T09:42:25+00:00\" \/>\n<meta property=\"og:image\" content=\"https:\/\/www.forlivinginterior.ch\/wp-content\/uploads\/2019\/10\/gallery.png\" \/>\n<meta name=\"twitter:card\" content=\"summary_large_image\" \/>\n<meta name=\"twitter:label1\" content=\"Gesch\u00e4tzte Lesezeit\" \/>\n\t<meta name=\"twitter:data1\" content=\"3\u00a0Minuten\" \/>\n<script type=\"application\/ld+json\" class=\"yoast-schema-graph\">{\"@context\":\"https:\\\/\\\/schema.org\",\"@graph\":[{\"@type\":\"WebPage\",\"@id\":\"https:\\\/\\\/www.forlivinginterior.ch\\\/de\\\/residential-de\\\/appartment-in-mailand\\\/\",\"url\":\"https:\\\/\\\/www.forlivinginterior.ch\\\/de\\\/residential-de\\\/appartment-in-mailand\\\/\",\"name\":\"Appartment in Mailand - For Living\",\"isPartOf\":{\"@id\":\"https:\\\/\\\/www.forlivinginterior.ch\\\/#website\"},\"primaryImageOfPage\":{\"@id\":\"https:\\\/\\\/www.forlivinginterior.ch\\\/de\\\/residential-de\\\/appartment-in-mailand\\\/#primaryimage\"},\"image\":{\"@id\":\"https:\\\/\\\/www.forlivinginterior.ch\\\/de\\\/residential-de\\\/appartment-in-mailand\\\/#primaryimage\"},\"thumbnailUrl\":\"https:\\\/\\\/www.forlivinginterior.ch\\\/wp-content\\\/uploads\\\/2019\\\/10\\\/gallery.png\",\"datePublished\":\"2022-06-16T10:08:31+00:00\",\"dateModified\":\"2022-11-01T09:42:25+00:00\",\"breadcrumb\":{\"@id\":\"https:\\\/\\\/www.forlivinginterior.ch\\\/de\\\/residential-de\\\/appartment-in-mailand\\\/#breadcrumb\"},\"inLanguage\":\"de\",\"potentialAction\":[{\"@type\":\"ReadAction\",\"target\":[\"https:\\\/\\\/www.forlivinginterior.ch\\\/de\\\/residential-de\\\/appartment-in-mailand\\\/\"]}]},{\"@type\":\"ImageObject\",\"inLanguage\":\"de\",\"@id\":\"https:\\\/\\\/www.forlivinginterior.ch\\\/de\\\/residential-de\\\/appartment-in-mailand\\\/#primaryimage\",\"url\":\"https:\\\/\\\/www.forlivinginterior.ch\\\/wp-content\\\/uploads\\\/2019\\\/10\\\/gallery.png\",\"contentUrl\":\"https:\\\/\\\/www.forlivinginterior.ch\\\/wp-content\\\/uploads\\\/2019\\\/10\\\/gallery.png\"},{\"@type\":\"BreadcrumbList\",\"@id\":\"https:\\\/\\\/www.forlivinginterior.ch\\\/de\\\/residential-de\\\/appartment-in-mailand\\\/#breadcrumb\",\"itemListElement\":[{\"@type\":\"ListItem\",\"position\":1,\"name\":\"Home\",\"item\":\"https:\\\/\\\/www.forlivinginterior.ch\\\/de\\\/\"},{\"@type\":\"ListItem\",\"position\":2,\"name\":\"Residential\",\"item\":\"https:\\\/\\\/www.forlivinginterior.ch\\\/de\\\/residential-de\\\/\"},{\"@type\":\"ListItem\",\"position\":3,\"name\":\"Appartment in Mailand\"}]},{\"@type\":\"WebSite\",\"@id\":\"https:\\\/\\\/www.forlivinginterior.ch\\\/#website\",\"url\":\"https:\\\/\\\/www.forlivinginterior.ch\\\/\",\"name\":\"For Living\",\"description\":\"Bespoke made in Italy interiors.\",\"potentialAction\":[{\"@type\":\"SearchAction\",\"target\":{\"@type\":\"EntryPoint\",\"urlTemplate\":\"https:\\\/\\\/www.forlivinginterior.ch\\\/?s={search_term_string}\"},\"query-input\":{\"@type\":\"PropertyValueSpecification\",\"valueRequired\":true,\"valueName\":\"search_term_string\"}}],\"inLanguage\":\"de\"}]}<\/script>\n<!-- \/ Yoast SEO plugin. -->","yoast_head_json":{"title":"Appartment in Mailand - For Living","robots":{"index":"index","follow":"follow","max-snippet":"max-snippet:-1","max-image-preview":"max-image-preview:large","max-video-preview":"max-video-preview:-1"},"canonical":"https:\/\/www.forlivinginterior.ch\/de\/residential-de\/appartment-in-mailand\/","og_locale":"de_DE","og_type":"article","og_title":"Appartment in Mailand - For Living","og_url":"https:\/\/www.forlivinginterior.ch\/de\/residential-de\/appartment-in-mailand\/","og_site_name":"For Living","article_modified_time":"2022-11-01T09:42:25+00:00","og_image":[{"url":"https:\/\/www.forlivinginterior.ch\/wp-content\/uploads\/2019\/10\/gallery.png","type":"","width":"","height":""}],"twitter_card":"summary_large_image","twitter_misc":{"Gesch\u00e4tzte Lesezeit":"3\u00a0Minuten"},"schema":{"@context":"https:\/\/schema.org","@graph":[{"@type":"WebPage","@id":"https:\/\/www.forlivinginterior.ch\/de\/residential-de\/appartment-in-mailand\/","url":"https:\/\/www.forlivinginterior.ch\/de\/residential-de\/appartment-in-mailand\/","name":"Appartment in Mailand - For Living","isPartOf":{"@id":"https:\/\/www.forlivinginterior.ch\/#website"},"primaryImageOfPage":{"@id":"https:\/\/www.forlivinginterior.ch\/de\/residential-de\/appartment-in-mailand\/#primaryimage"},"image":{"@id":"https:\/\/www.forlivinginterior.ch\/de\/residential-de\/appartment-in-mailand\/#primaryimage"},"thumbnailUrl":"https:\/\/www.forlivinginterior.ch\/wp-content\/uploads\/2019\/10\/gallery.png","datePublished":"2022-06-16T10:08:31+00:00","dateModified":"2022-11-01T09:42:25+00:00","breadcrumb":{"@id":"https:\/\/www.forlivinginterior.ch\/de\/residential-de\/appartment-in-mailand\/#breadcrumb"},"inLanguage":"de","potentialAction":[{"@type":"ReadAction","target":["https:\/\/www.forlivinginterior.ch\/de\/residential-de\/appartment-in-mailand\/"]}]},{"@type":"ImageObject","inLanguage":"de","@id":"https:\/\/www.forlivinginterior.ch\/de\/residential-de\/appartment-in-mailand\/#primaryimage","url":"https:\/\/www.forlivinginterior.ch\/wp-content\/uploads\/2019\/10\/gallery.png","contentUrl":"https:\/\/www.forlivinginterior.ch\/wp-content\/uploads\/2019\/10\/gallery.png"},{"@type":"BreadcrumbList","@id":"https:\/\/www.forlivinginterior.ch\/de\/residential-de\/appartment-in-mailand\/#breadcrumb","itemListElement":[{"@type":"ListItem","position":1,"name":"Home","item":"https:\/\/www.forlivinginterior.ch\/de\/"},{"@type":"ListItem","position":2,"name":"Residential","item":"https:\/\/www.forlivinginterior.ch\/de\/residential-de\/"},{"@type":"ListItem","position":3,"name":"Appartment in Mailand"}]},{"@type":"WebSite","@id":"https:\/\/www.forlivinginterior.ch\/#website","url":"https:\/\/www.forlivinginterior.ch\/","name":"For Living","description":"Bespoke made in Italy interiors.","potentialAction":[{"@type":"SearchAction","target":{"@type":"EntryPoint","urlTemplate":"https:\/\/www.forlivinginterior.ch\/?s={search_term_string}"},"query-input":{"@type":"PropertyValueSpecification","valueRequired":true,"valueName":"search_term_string"}}],"inLanguage":"de"}]}},"_links":{"self":[{"href":"https:\/\/www.forlivinginterior.ch\/de\/wp-json\/wp\/v2\/pages\/11094","targetHints":{"allow":["GET"]}}],"collection":[{"href":"https:\/\/www.forlivinginterior.ch\/de\/wp-json\/wp\/v2\/pages"}],"about":[{"href":"https:\/\/www.forlivinginterior.ch\/de\/wp-json\/wp\/v2\/types\/page"}],"author":[{"embeddable":true,"href":"https:\/\/www.forlivinginterior.ch\/de\/wp-json\/wp\/v2\/users\/2"}],"replies":[{"embeddable":true,"href":"https:\/\/www.forlivinginterior.ch\/de\/wp-json\/wp\/v2\/comments?post=11094"}],"version-history":[{"count":0,"href":"https:\/\/www.forlivinginterior.ch\/de\/wp-json\/wp\/v2\/pages\/11094\/revisions"}],"up":[{"embeddable":true,"href":"https:\/\/www.forlivinginterior.ch\/de\/wp-json\/wp\/v2\/pages\/11234"}],"wp:attachment":[{"href":"https:\/\/www.forlivinginterior.ch\/de\/wp-json\/wp\/v2\/media?parent=11094"}],"curies":[{"name":"wp","href":"https:\/\/api.w.org\/{rel}","templated":true}]}}