{"id":11044,"date":"2022-06-16T10:58:16","date_gmt":"2022-06-16T08:58:16","guid":{"rendered":"https:\/\/www.forlivinginterior.ch\/?page_id=11044"},"modified":"2022-11-01T10:35:18","modified_gmt":"2022-11-01T09:35:18","slug":"villa-in-umbrien","status":"publish","type":"page","link":"https:\/\/www.forlivinginterior.ch\/de\/residential-de\/villa-in-umbrien\/","title":{"rendered":"Villa in Umbrien"},"content":{"rendered":"\n\n\t<section class=\"section\" id=\"section_991776291\">\n\t\t<div class=\"section-bg fill\" >\n\t\t\t\t\t\t\t\t\t\n\t\t\t\n\n\t\t<\/div>\n\n\t\t\n\n\t\t<div class=\"section-content relative\">\n\t\t\t\n\n<div class=\"row align-bottom\"  id=\"row-1007484311\">\n\n\n\t<div id=\"col-971529420\" class=\"col medium-6 small-12 large-6\"  >\n\t\t\t\t<div class=\"col-inner\"  >\n\t\t\t\n\t\t\t\n\n\n  <div class=\"banner has-hover\" id=\"banner-1985918946\">\n          <div class=\"banner-inner fill\">\n        <div class=\"banner-bg fill\" >\n            <img loading=\"lazy\" decoding=\"async\" width=\"510\" height=\"500\" src=\"https:\/\/www.forlivinginterior.ch\/wp-content\/uploads\/2019\/10\/bespoke-interior-design-villa-campagna-table-for-living.jpg\" class=\"bg attachment-original size-original\" alt=\"\" \/>                                    \n                    <\/div>\n\t\t\n        <div class=\"banner-layers container\">\n            <div class=\"fill banner-link\"><\/div>            \n\n\n        <\/div>\n      <\/div>\n\n            \n<style>\n#banner-1985918946 {\n  padding-top: 300px;\n}\n@media (min-width:550px) {\n  #banner-1985918946 {\n    padding-top: 500px;\n  }\n}\n<\/style>\n  <\/div>\n\n\n\n\t\t<\/div>\n\t\t\t\t\t<\/div>\n\n\t\n\n\t<div id=\"col-2141673220\" class=\"col medium-6 small-12 large-6\"  >\n\t\t\t\t<div class=\"col-inner\"  >\n\t\t\t\n\t\t\t\n\n\t<div id=\"gap-470305863\" class=\"gap-element clearfix\" style=\"display:block; height:auto;\">\n\t\t\n<style>\n#gap-470305863 {\n  padding-top: 30px;\n}\n<\/style>\n\t<\/div>\n\t\n\n<h1>VILLA IN UMBRIEN<\/h1>\n<p><strong>Projekt<\/strong><br \/>\nPrivate Villa \/ Schwimmbad<\/p>\n<p><strong>Ort<\/strong><br \/>\nPiegaro, Perugia, Italien<\/p>\n<p><strong>Fl\u00e4che<\/strong><br \/>\n1.000 qm<\/p>\n<p><strong>Leistungen <\/strong><br \/>\nK\u00fcche, Wohnzimmer  TV-Wand im Wohnzimmer, Kleiderschr\u00e4nke, T\u00fcren, Laundrym\u00f6bel B\u00fccherregal im Masterschlafzimmer, Schreibtisch, Kommode. Weinkeller und Holzvert\u00e4felung, Tisch mit Bank<\/p>\n\n\n\t\t<\/div>\n\t\t\t\t\t<\/div>\n\n\t\n\n<\/div>\n\n\t\t<\/div>\n\n\t\t\n<style>\n#section_991776291 {\n  padding-top: 0px;\n  padding-bottom: 0px;\n}\n@media (min-width:550px) {\n  #section_991776291 {\n    padding-top: 30px;\n    padding-bottom: 30px;\n  }\n}\n<\/style>\n\t<\/section>\n\t\n  <div class=\"banner-grid-wrapper\">\n  <div id=\"banner-grid-5960246\" class=\"banner-grid row row-grid hide-for-medium row-small row-full-width\" data-packery-options=\"\">\n                      \n\n<div class=\"col grid-col large-4 grid-col-1-2\" ><div class=\"col-inner\">\n\n\n  <div class=\"banner has-hover\" id=\"banner-2091692276\">\n          <div class=\"banner-inner fill\">\n        <div class=\"banner-bg fill\" >\n                                                \n                    <\/div>\n\t\t\n        <div class=\"banner-layers container\">\n            <div class=\"fill banner-link\"><\/div>            \n\n   <div id=\"text-box-1691738775\" class=\"text-box banner-layer x100 md-x100 lg-x100 y50 md-y50 lg-y50 res-text\">\n                                <div class=\"text-box-content text \">\n              \n              <div class=\"text-inner text-right\">\n                  \n\n<h4 class=\"uppercase\"><a href=\"https:\/\/www.forlivinginterior.ch\/de\/residential-de\/villa-in-umbrien\/gallerie-villa-in-umbrien\/\"><span style=\"font-size: 45%;\"><strong>BILDERGALERIE ANSEHEN<\/strong> <\/span><\/a><a href=\"https:\/\/www.forlivinginterior.ch\/de\/residential-de\/villa-in-umbrien\/gallerie-villa-in-umbrien\/\"><img loading=\"lazy\" decoding=\"async\" class=\"icona alignnone\" src=\"https:\/\/www.forlivinginterior.ch\/wp-content\/uploads\/2019\/10\/gallery.png\" alt=\"\" width=\"64\" height=\"27\"><\/a><\/h4>\n\n              <\/div>\n           <\/div>\n                            \n<style>\n#text-box-1691738775 {\n  width: 90%;\n}\n#text-box-1691738775 .text-box-content {\n  font-size: 100%;\n}\n<\/style>\n    <\/div>\n \n\n        <\/div>\n      <\/div>\n\n            \n<style>\n#banner-2091692276 {\n  padding-top: 500px;\n  background-color: rgb(255, 255, 255);\n}\n<\/style>\n  <\/div>\n\n\n\n<\/div><\/div>\n<div class=\"col grid-col large-8 grid-col-1\" ><div class=\"col-inner\">\n\n\t<div class=\"img has-hover x md-x lg-x y md-y lg-y\" id=\"image_849330453\">\n\t\t\t\t\t\t\t\t<div class=\"img-inner dark\" >\n\t\t\t<img loading=\"lazy\" decoding=\"async\" width=\"1080\" height=\"501\" src=\"https:\/\/www.forlivinginterior.ch\/wp-content\/uploads\/2019\/11\/bespoke-interior-design-villa-campagna-living-room-for-living3.jpg\" class=\"attachment-original size-original\" alt=\"\" srcset=\"https:\/\/www.forlivinginterior.ch\/wp-content\/uploads\/2019\/11\/bespoke-interior-design-villa-campagna-living-room-for-living3.jpg 1080w, https:\/\/www.forlivinginterior.ch\/wp-content\/uploads\/2019\/11\/bespoke-interior-design-villa-campagna-living-room-for-living3-300x139.jpg 300w, https:\/\/www.forlivinginterior.ch\/wp-content\/uploads\/2019\/11\/bespoke-interior-design-villa-campagna-living-room-for-living3-1024x475.jpg 1024w, https:\/\/www.forlivinginterior.ch\/wp-content\/uploads\/2019\/11\/bespoke-interior-design-villa-campagna-living-room-for-living3-768x356.jpg 768w\" sizes=\"auto, (max-width: 1080px) 100vw, 1080px\" \/>\t\t\t\t\t\t\n\t\t\t\t\t<\/div>\n\t\t\t\t\t\t\t\t\n<style>\n#image_849330453 {\n  width: 100%;\n}\n<\/style>\n\t<\/div>\n\t\n\n\n<\/div><\/div>\n<div class=\"col grid-col large-4 grid-col-2-3\" ><div class=\"col-inner\">\n\n\t<div class=\"img has-hover x md-x lg-x y md-y lg-y\" id=\"image_1313797691\">\n\t\t\t\t\t\t\t\t<div class=\"img-inner dark\" >\n\t\t\t<img loading=\"lazy\" decoding=\"async\" width=\"615\" height=\"380\" src=\"https:\/\/www.forlivinginterior.ch\/wp-content\/uploads\/2019\/10\/bespoke-interior-design-villa-campagna-beds-for-living.jpg\" class=\"attachment-original size-original\" alt=\"\" srcset=\"https:\/\/www.forlivinginterior.ch\/wp-content\/uploads\/2019\/10\/bespoke-interior-design-villa-campagna-beds-for-living.jpg 615w, https:\/\/www.forlivinginterior.ch\/wp-content\/uploads\/2019\/10\/bespoke-interior-design-villa-campagna-beds-for-living-300x185.jpg 300w\" sizes=\"auto, (max-width: 615px) 100vw, 615px\" \/>\t\t\t\t\t\t\n\t\t\t\t\t<\/div>\n\t\t\t\t\t\t\t\t\n<style>\n#image_1313797691 {\n  width: 100%;\n}\n<\/style>\n\t<\/div>\n\t\n\n\n<\/div><\/div>\n<div class=\"col grid-col large-8 grid-col-1\" ><div class=\"col-inner\">\n\n\t<div class=\"img has-hover x md-x lg-x y md-y lg-y\" id=\"image_2009424897\">\n\t\t\t\t\t\t\t\t<div class=\"img-inner dark\" >\n\t\t\t<img loading=\"lazy\" decoding=\"async\" width=\"1250\" height=\"580\" src=\"https:\/\/www.forlivinginterior.ch\/wp-content\/uploads\/2019\/10\/bespoke-interior-design-villa-campagna-landscape-for-living.jpg\" class=\"attachment-original size-original\" alt=\"\" srcset=\"https:\/\/www.forlivinginterior.ch\/wp-content\/uploads\/2019\/10\/bespoke-interior-design-villa-campagna-landscape-for-living.jpg 1250w, https:\/\/www.forlivinginterior.ch\/wp-content\/uploads\/2019\/10\/bespoke-interior-design-villa-campagna-landscape-for-living-300x139.jpg 300w, https:\/\/www.forlivinginterior.ch\/wp-content\/uploads\/2019\/10\/bespoke-interior-design-villa-campagna-landscape-for-living-768x356.jpg 768w, https:\/\/www.forlivinginterior.ch\/wp-content\/uploads\/2019\/10\/bespoke-interior-design-villa-campagna-landscape-for-living-1024x475.jpg 1024w\" sizes=\"auto, (max-width: 1250px) 100vw, 1250px\" \/>\t\t\t\t\t\t\n\t\t\t\t\t<\/div>\n\t\t\t\t\t\t\t\t\n<style>\n#image_2009424897 {\n  width: 100%;\n}\n<\/style>\n\t<\/div>\n\t\n\n\n<\/div><\/div>\n<div class=\"col grid-col large-4 grid-col-1-2\" ><div class=\"col-inner\">\n\n\n  <div class=\"banner has-hover\" id=\"banner-1018943875\">\n          <div class=\"banner-inner fill\">\n        <div class=\"banner-bg fill\" >\n                                                \n                    <\/div>\n\t\t\n        <div class=\"banner-layers container\">\n            <div class=\"fill banner-link\"><\/div>            \n\n   <div id=\"text-box-1269761855\" class=\"text-box banner-layer x100 md-x100 lg-x100 y50 md-y50 lg-y50 res-text\">\n                                <div class=\"text-box-content text \">\n              \n              <div class=\"text-inner text-right\">\n                  \n\n<h4 class=\"uppercase\"><a href=\"https:\/\/www.forlivinginterior.ch\/de\/residential-de\/villa-in-umbrien\/gallerie-villa-in-umbrien\/\"><span style=\"font-size: 45%;\"><strong>BILDERGALERIE ANSEHEN<\/strong> <\/span><\/a><a href=\"https:\/\/www.forlivinginterior.ch\/de\/residential-de\/villa-in-umbrien\/gallerie-villa-in-umbrien\/\"><img loading=\"lazy\" decoding=\"async\" class=\"icona alignnone\" src=\"https:\/\/www.forlivinginterior.ch\/wp-content\/uploads\/2019\/10\/gallery.png\" alt=\"\" width=\"64\" height=\"27\"><\/a><\/h4>\n\t<div id=\"gap-99736114\" class=\"gap-element clearfix\" style=\"display:block; height:auto;\">\n\t\t\n<style>\n#gap-99736114 {\n  padding-top: 30px;\n}\n<\/style>\n\t<\/div>\n\t\n\n<p><a href=\"https:\/\/www.forlivinginterior.ch\/de\/residential-de\/\"><\/a><\/p>\n<p><a href=\"https:\/\/www.forlivinginterior.ch\/de\/residential-de\/\"><\/p>\n<h4 class=\"uppercase\"><img loading=\"lazy\" decoding=\"async\" class=\"icona alignnone\" src=\"https:\/\/www.forlivinginterior.ch\/wp-content\/uploads\/2019\/10\/arrow_left.png\" alt=\"\" width=\"80\" height=\"17\"> <span style=\"font-size: 45%;\">referenzen residential<\/span><\/h4>\n<p><\/a><a href=\"https:\/\/www.forlivinginterior.ch\/de\/residential-de\/\"><\/a><\/p>\n\n              <\/div>\n           <\/div>\n                            \n<style>\n#text-box-1269761855 {\n  width: 90%;\n}\n#text-box-1269761855 .text-box-content {\n  font-size: 100%;\n}\n<\/style>\n    <\/div>\n \n\n        <\/div>\n      <\/div>\n\n            \n<style>\n#banner-1018943875 {\n  padding-top: 500px;\n  background-color: rgb(255, 255, 255);\n}\n<\/style>\n  <\/div>\n\n\n\n<\/div><\/div>\n\n            <\/div>\n    <style>\n    #banner-grid-5960246 .grid-col-1{height: 600px}\n    #banner-grid-5960246 .grid-col-1-2{height: 300px}\n    #banner-grid-5960246 .grid-col-1-3{height:200px}\n    #banner-grid-5960246 .grid-col-2-3{height: 400px}\n    #banner-grid-5960246 .grid-col-1-4{height: 150px}\n    #banner-grid-5960246 .grid-col-3-4{height: 450px}\n\n\n    \n    \n\n  <\/style>\n    <\/div>\n  \n\n\t<section class=\"section show-for-medium\" id=\"section_1616857708\">\n\t\t<div class=\"section-bg fill\" >\n\t\t\t\t\t\t\t\t\t\n\t\t\t\n\n\t\t<\/div>\n\n\t\t\n\n\t\t<div class=\"section-content relative\">\n\t\t\t\n\n<div class=\"row align-middle align-center\"  id=\"row-416796584\">\n\n\n\t<div id=\"col-591599030\" class=\"col medium-6 small-12 large-12\"  >\n\t\t\t\t<div class=\"col-inner text-center\"  >\n\t\t\t\n\t\t\t\n\n<h4 class=\"uppercase\"><a href=\"https:\/\/www.forlivinginterior.ch\/de\/residential-de\/villa-in-umbrien\/gallerie-villa-in-umbrien\/\"><span style=\"font-size: 45%;\"><strong>BILDERGALERIE ANSEHEN<\/strong> <\/span><\/a><a href=\"https:\/\/www.forlivinginterior.ch\/de\/residential-de\/villa-in-umbrien\/gallerie-villa-in-umbrien\/\"><img loading=\"lazy\" decoding=\"async\" class=\"icona alignnone\" src=\"https:\/\/www.forlivinginterior.ch\/wp-content\/uploads\/2019\/10\/gallery.png\" alt=\"\" width=\"64\" height=\"27\"><\/a><\/h4>\n\n\t\t<\/div>\n\t\t\t\t\t<\/div>\n\n\t\n\n\t<div id=\"col-1744538977\" class=\"col medium-6 small-12 large-12\"  >\n\t\t\t\t<div class=\"col-inner text-center\"  >\n\t\t\t\n\t\t\t\n\n\t<div class=\"img has-hover x md-x lg-x y md-y lg-y\" id=\"image_2102762608\">\n\t\t<a class=\"image-lightbox lightbox-gallery\" title=\"\" href=\"https:\/\/www.forlivinginterior.ch\/wp-content\/uploads\/2019\/10\/bespoke-interior-design-villa-campagna-wine-cave-for-living-1024x475.jpg\">\t\t\t\t\t\t<div class=\"img-inner dark\" >\n\t\t\t<img loading=\"lazy\" decoding=\"async\" width=\"1250\" height=\"580\" src=\"https:\/\/www.forlivinginterior.ch\/wp-content\/uploads\/2019\/10\/bespoke-interior-design-villa-campagna-wine-cave-for-living.jpg\" class=\"attachment-original size-original\" alt=\"\" srcset=\"https:\/\/www.forlivinginterior.ch\/wp-content\/uploads\/2019\/10\/bespoke-interior-design-villa-campagna-wine-cave-for-living.jpg 1250w, https:\/\/www.forlivinginterior.ch\/wp-content\/uploads\/2019\/10\/bespoke-interior-design-villa-campagna-wine-cave-for-living-300x139.jpg 300w, https:\/\/www.forlivinginterior.ch\/wp-content\/uploads\/2019\/10\/bespoke-interior-design-villa-campagna-wine-cave-for-living-768x356.jpg 768w, https:\/\/www.forlivinginterior.ch\/wp-content\/uploads\/2019\/10\/bespoke-interior-design-villa-campagna-wine-cave-for-living-1024x475.jpg 1024w\" sizes=\"auto, (max-width: 1250px) 100vw, 1250px\" \/>\t\t\t\t\t\t\n\t\t\t\t\t<\/div>\n\t\t\t\t\t\t<\/a>\t\t\n<style>\n#image_2102762608 {\n  width: 100%;\n}\n<\/style>\n\t<\/div>\n\t\n\n\n\t\t<\/div>\n\t\t\t\t\t<\/div>\n\n\t\n\n\t<div id=\"col-670626791\" class=\"col medium-4 small-4 large-4\"  >\n\t\t\t\t<div class=\"col-inner\"  >\n\t\t\t\n\t\t\t\n\n\t<div class=\"img has-hover x md-x lg-x y md-y lg-y\" id=\"image_883263890\">\n\t\t<a class=\"image-lightbox lightbox-gallery\" title=\"\" href=\"https:\/\/www.forlivinginterior.ch\/wp-content\/uploads\/2019\/10\/bespoke-interior-design-villa-campagna-beds-for-living.jpg\">\t\t\t\t\t\t<div class=\"img-inner image-cover dark\" style=\"padding-top:108%;\">\n\t\t\t<img loading=\"lazy\" decoding=\"async\" width=\"615\" height=\"380\" src=\"https:\/\/www.forlivinginterior.ch\/wp-content\/uploads\/2019\/10\/bespoke-interior-design-villa-campagna-beds-for-living.jpg\" class=\"attachment-original size-original\" alt=\"\" srcset=\"https:\/\/www.forlivinginterior.ch\/wp-content\/uploads\/2019\/10\/bespoke-interior-design-villa-campagna-beds-for-living.jpg 615w, https:\/\/www.forlivinginterior.ch\/wp-content\/uploads\/2019\/10\/bespoke-interior-design-villa-campagna-beds-for-living-300x185.jpg 300w\" sizes=\"auto, (max-width: 615px) 100vw, 615px\" \/>\t\t\t\t\t\t\n\t\t\t\t\t<\/div>\n\t\t\t\t\t\t<\/a>\t\t\n<style>\n#image_883263890 {\n  width: 100%;\n}\n<\/style>\n\t<\/div>\n\t\n\n\n\t\t<\/div>\n\t\t\t\t\t<\/div>\n\n\t\n\n\t<div id=\"col-1945009903\" class=\"col medium-8 small-8 large-4\"  >\n\t\t\t\t<div class=\"col-inner\"  >\n\t\t\t\n\t\t\t\n\n\t<div class=\"img has-hover x md-x lg-x y md-y lg-y\" id=\"image_1785595008\">\n\t\t<a class=\"image-lightbox lightbox-gallery\" title=\"\" href=\"https:\/\/www.forlivinginterior.ch\/wp-content\/uploads\/2019\/10\/bespoke-interior-design-villa-campagna-landscape-for-living-1024x475.jpg\">\t\t\t\t\t\t<div class=\"img-inner dark\" >\n\t\t\t<img loading=\"lazy\" decoding=\"async\" width=\"1250\" height=\"580\" src=\"https:\/\/www.forlivinginterior.ch\/wp-content\/uploads\/2019\/10\/bespoke-interior-design-villa-campagna-landscape-for-living.jpg\" class=\"attachment-original size-original\" alt=\"\" srcset=\"https:\/\/www.forlivinginterior.ch\/wp-content\/uploads\/2019\/10\/bespoke-interior-design-villa-campagna-landscape-for-living.jpg 1250w, https:\/\/www.forlivinginterior.ch\/wp-content\/uploads\/2019\/10\/bespoke-interior-design-villa-campagna-landscape-for-living-300x139.jpg 300w, https:\/\/www.forlivinginterior.ch\/wp-content\/uploads\/2019\/10\/bespoke-interior-design-villa-campagna-landscape-for-living-768x356.jpg 768w, https:\/\/www.forlivinginterior.ch\/wp-content\/uploads\/2019\/10\/bespoke-interior-design-villa-campagna-landscape-for-living-1024x475.jpg 1024w\" sizes=\"auto, (max-width: 1250px) 100vw, 1250px\" \/>\t\t\t\t\t\t\n\t\t\t\t\t<\/div>\n\t\t\t\t\t\t<\/a>\t\t\n<style>\n#image_1785595008 {\n  width: 100%;\n}\n<\/style>\n\t<\/div>\n\t\n\n\n\t\t<\/div>\n\t\t\t\t\t<\/div>\n\n\t\n\n\t<div id=\"col-563197455\" class=\"col medium-4 small-12 large-12\"  >\n\t\t\t\t<div class=\"col-inner text-center\"  >\n\t\t\t\n\t\t\t\n\n<h4 class=\"uppercase\"><a href=\"https:\/\/www.forlivinginterior.ch\/de\/residential-de\/villa-in-umbrien\/gallerie-villa-in-umbrien\/\"><span style=\"font-size: 45%;\"><strong>BILDERGALERIE ANSEHEN<\/strong> <\/span><\/a><a href=\"https:\/\/www.forlivinginterior.ch\/de\/residential-de\/villa-in-umbrien\/gallerie-villa-in-umbrien\/\"><img loading=\"lazy\" decoding=\"async\" class=\"icona alignnone\" src=\"https:\/\/www.forlivinginterior.ch\/wp-content\/uploads\/2019\/10\/gallery.png\" alt=\"\" width=\"64\" height=\"27\"><\/a><\/h4>\n\n\t\t<\/div>\n\t\t\t\t\t<\/div>\n\n\t\n\n\t<div id=\"col-964131807\" class=\"col medium-8 small-12 large-12\"  >\n\t\t\t\t<div class=\"col-inner text-center\"  >\n\t\t\t\n\t\t\t\n\n<p><a href=\"https:\/\/www.forlivinginterior.ch\/de\/residential-de\/\"><\/a><\/p>\n<p><a href=\"https:\/\/www.forlivinginterior.ch\/de\/residential-de\/\"><\/p>\n<h4 class=\"uppercase\"><img loading=\"lazy\" decoding=\"async\" class=\"icona alignnone\" src=\"https:\/\/www.forlivinginterior.ch\/wp-content\/uploads\/2019\/10\/arrow_left.png\" alt=\"\" width=\"80\" height=\"17\"> <span style=\"font-size: 45%;\">referenzen residential<\/span><\/h4>\n<p><\/a><a href=\"https:\/\/www.forlivinginterior.ch\/de\/residential-de\/\"><\/a><\/p>\n\n\t\t<\/div>\n\t\t\t\t\t<\/div>\n\n\t\n\n<\/div>\n\n\t\t<\/div>\n\n\t\t\n<style>\n#section_1616857708 {\n  padding-top: 0px;\n  padding-bottom: 0px;\n}\n@media (min-width:550px) {\n  #section_1616857708 {\n    padding-top: 0px;\n    padding-bottom: 0px;\n  }\n}\n@media (min-width:850px) {\n  #section_1616857708 {\n    padding-top: 30px;\n    padding-bottom: 30px;\n  }\n}\n<\/style>\n\t<\/section>\n\t\n\t<div id=\"gap-1740300227\" class=\"gap-element clearfix hide-for-medium\" style=\"display:block; height:auto;\">\n\t\t\n<style>\n#gap-1740300227 {\n  padding-top: 50px;\n}\n<\/style>\n\t<\/div>\n\t\n\n\n","protected":false},"excerpt":{"rendered":"","protected":false},"author":2,"featured_media":0,"parent":11234,"menu_order":0,"comment_status":"closed","ping_status":"closed","template":"page-blank.php","meta":{"inline_featured_image":false,"footnotes":""},"class_list":["post-11044","page","type-page","status-publish","hentry"],"yoast_head":"<!-- This site is optimized with the Yoast SEO plugin v27.5 - https:\/\/yoast.com\/product\/yoast-seo-wordpress\/ -->\n<title>Villa in Umbrien - For Living<\/title>\n<meta name=\"robots\" content=\"index, follow, max-snippet:-1, max-image-preview:large, max-video-preview:-1\" \/>\n<link rel=\"canonical\" href=\"https:\/\/www.forlivinginterior.ch\/de\/residential-de\/villa-in-umbrien\/\" \/>\n<meta property=\"og:locale\" content=\"de_DE\" \/>\n<meta property=\"og:type\" content=\"article\" \/>\n<meta property=\"og:title\" content=\"Villa in Umbrien - For Living\" \/>\n<meta property=\"og:url\" content=\"https:\/\/www.forlivinginterior.ch\/de\/residential-de\/villa-in-umbrien\/\" \/>\n<meta property=\"og:site_name\" content=\"For Living\" \/>\n<meta property=\"article:modified_time\" content=\"2022-11-01T09:35:18+00:00\" \/>\n<meta property=\"og:image\" content=\"https:\/\/www.forlivinginterior.ch\/wp-content\/uploads\/2019\/10\/gallery.png\" \/>\n<meta name=\"twitter:card\" content=\"summary_large_image\" \/>\n<meta name=\"twitter:label1\" content=\"Gesch\u00e4tzte Lesezeit\" \/>\n\t<meta name=\"twitter:data1\" content=\"3\u00a0Minuten\" \/>\n<script type=\"application\/ld+json\" class=\"yoast-schema-graph\">{\"@context\":\"https:\\\/\\\/schema.org\",\"@graph\":[{\"@type\":\"WebPage\",\"@id\":\"https:\\\/\\\/www.forlivinginterior.ch\\\/de\\\/residential-de\\\/villa-in-umbrien\\\/\",\"url\":\"https:\\\/\\\/www.forlivinginterior.ch\\\/de\\\/residential-de\\\/villa-in-umbrien\\\/\",\"name\":\"Villa in Umbrien - For Living\",\"isPartOf\":{\"@id\":\"https:\\\/\\\/www.forlivinginterior.ch\\\/#website\"},\"primaryImageOfPage\":{\"@id\":\"https:\\\/\\\/www.forlivinginterior.ch\\\/de\\\/residential-de\\\/villa-in-umbrien\\\/#primaryimage\"},\"image\":{\"@id\":\"https:\\\/\\\/www.forlivinginterior.ch\\\/de\\\/residential-de\\\/villa-in-umbrien\\\/#primaryimage\"},\"thumbnailUrl\":\"https:\\\/\\\/www.forlivinginterior.ch\\\/wp-content\\\/uploads\\\/2019\\\/10\\\/gallery.png\",\"datePublished\":\"2022-06-16T08:58:16+00:00\",\"dateModified\":\"2022-11-01T09:35:18+00:00\",\"breadcrumb\":{\"@id\":\"https:\\\/\\\/www.forlivinginterior.ch\\\/de\\\/residential-de\\\/villa-in-umbrien\\\/#breadcrumb\"},\"inLanguage\":\"de\",\"potentialAction\":[{\"@type\":\"ReadAction\",\"target\":[\"https:\\\/\\\/www.forlivinginterior.ch\\\/de\\\/residential-de\\\/villa-in-umbrien\\\/\"]}]},{\"@type\":\"ImageObject\",\"inLanguage\":\"de\",\"@id\":\"https:\\\/\\\/www.forlivinginterior.ch\\\/de\\\/residential-de\\\/villa-in-umbrien\\\/#primaryimage\",\"url\":\"https:\\\/\\\/www.forlivinginterior.ch\\\/wp-content\\\/uploads\\\/2019\\\/10\\\/gallery.png\",\"contentUrl\":\"https:\\\/\\\/www.forlivinginterior.ch\\\/wp-content\\\/uploads\\\/2019\\\/10\\\/gallery.png\"},{\"@type\":\"BreadcrumbList\",\"@id\":\"https:\\\/\\\/www.forlivinginterior.ch\\\/de\\\/residential-de\\\/villa-in-umbrien\\\/#breadcrumb\",\"itemListElement\":[{\"@type\":\"ListItem\",\"position\":1,\"name\":\"Home\",\"item\":\"https:\\\/\\\/www.forlivinginterior.ch\\\/de\\\/\"},{\"@type\":\"ListItem\",\"position\":2,\"name\":\"Residential\",\"item\":\"https:\\\/\\\/www.forlivinginterior.ch\\\/de\\\/residential-de\\\/\"},{\"@type\":\"ListItem\",\"position\":3,\"name\":\"Villa in Umbrien\"}]},{\"@type\":\"WebSite\",\"@id\":\"https:\\\/\\\/www.forlivinginterior.ch\\\/#website\",\"url\":\"https:\\\/\\\/www.forlivinginterior.ch\\\/\",\"name\":\"For Living\",\"description\":\"Bespoke made in Italy interiors.\",\"potentialAction\":[{\"@type\":\"SearchAction\",\"target\":{\"@type\":\"EntryPoint\",\"urlTemplate\":\"https:\\\/\\\/www.forlivinginterior.ch\\\/?s={search_term_string}\"},\"query-input\":{\"@type\":\"PropertyValueSpecification\",\"valueRequired\":true,\"valueName\":\"search_term_string\"}}],\"inLanguage\":\"de\"}]}<\/script>\n<!-- \/ Yoast SEO plugin. -->","yoast_head_json":{"title":"Villa in Umbrien - For Living","robots":{"index":"index","follow":"follow","max-snippet":"max-snippet:-1","max-image-preview":"max-image-preview:large","max-video-preview":"max-video-preview:-1"},"canonical":"https:\/\/www.forlivinginterior.ch\/de\/residential-de\/villa-in-umbrien\/","og_locale":"de_DE","og_type":"article","og_title":"Villa in Umbrien - For Living","og_url":"https:\/\/www.forlivinginterior.ch\/de\/residential-de\/villa-in-umbrien\/","og_site_name":"For Living","article_modified_time":"2022-11-01T09:35:18+00:00","og_image":[{"url":"https:\/\/www.forlivinginterior.ch\/wp-content\/uploads\/2019\/10\/gallery.png","type":"","width":"","height":""}],"twitter_card":"summary_large_image","twitter_misc":{"Gesch\u00e4tzte Lesezeit":"3\u00a0Minuten"},"schema":{"@context":"https:\/\/schema.org","@graph":[{"@type":"WebPage","@id":"https:\/\/www.forlivinginterior.ch\/de\/residential-de\/villa-in-umbrien\/","url":"https:\/\/www.forlivinginterior.ch\/de\/residential-de\/villa-in-umbrien\/","name":"Villa in Umbrien - For Living","isPartOf":{"@id":"https:\/\/www.forlivinginterior.ch\/#website"},"primaryImageOfPage":{"@id":"https:\/\/www.forlivinginterior.ch\/de\/residential-de\/villa-in-umbrien\/#primaryimage"},"image":{"@id":"https:\/\/www.forlivinginterior.ch\/de\/residential-de\/villa-in-umbrien\/#primaryimage"},"thumbnailUrl":"https:\/\/www.forlivinginterior.ch\/wp-content\/uploads\/2019\/10\/gallery.png","datePublished":"2022-06-16T08:58:16+00:00","dateModified":"2022-11-01T09:35:18+00:00","breadcrumb":{"@id":"https:\/\/www.forlivinginterior.ch\/de\/residential-de\/villa-in-umbrien\/#breadcrumb"},"inLanguage":"de","potentialAction":[{"@type":"ReadAction","target":["https:\/\/www.forlivinginterior.ch\/de\/residential-de\/villa-in-umbrien\/"]}]},{"@type":"ImageObject","inLanguage":"de","@id":"https:\/\/www.forlivinginterior.ch\/de\/residential-de\/villa-in-umbrien\/#primaryimage","url":"https:\/\/www.forlivinginterior.ch\/wp-content\/uploads\/2019\/10\/gallery.png","contentUrl":"https:\/\/www.forlivinginterior.ch\/wp-content\/uploads\/2019\/10\/gallery.png"},{"@type":"BreadcrumbList","@id":"https:\/\/www.forlivinginterior.ch\/de\/residential-de\/villa-in-umbrien\/#breadcrumb","itemListElement":[{"@type":"ListItem","position":1,"name":"Home","item":"https:\/\/www.forlivinginterior.ch\/de\/"},{"@type":"ListItem","position":2,"name":"Residential","item":"https:\/\/www.forlivinginterior.ch\/de\/residential-de\/"},{"@type":"ListItem","position":3,"name":"Villa in Umbrien"}]},{"@type":"WebSite","@id":"https:\/\/www.forlivinginterior.ch\/#website","url":"https:\/\/www.forlivinginterior.ch\/","name":"For Living","description":"Bespoke made in Italy interiors.","potentialAction":[{"@type":"SearchAction","target":{"@type":"EntryPoint","urlTemplate":"https:\/\/www.forlivinginterior.ch\/?s={search_term_string}"},"query-input":{"@type":"PropertyValueSpecification","valueRequired":true,"valueName":"search_term_string"}}],"inLanguage":"de"}]}},"_links":{"self":[{"href":"https:\/\/www.forlivinginterior.ch\/de\/wp-json\/wp\/v2\/pages\/11044","targetHints":{"allow":["GET"]}}],"collection":[{"href":"https:\/\/www.forlivinginterior.ch\/de\/wp-json\/wp\/v2\/pages"}],"about":[{"href":"https:\/\/www.forlivinginterior.ch\/de\/wp-json\/wp\/v2\/types\/page"}],"author":[{"embeddable":true,"href":"https:\/\/www.forlivinginterior.ch\/de\/wp-json\/wp\/v2\/users\/2"}],"replies":[{"embeddable":true,"href":"https:\/\/www.forlivinginterior.ch\/de\/wp-json\/wp\/v2\/comments?post=11044"}],"version-history":[{"count":0,"href":"https:\/\/www.forlivinginterior.ch\/de\/wp-json\/wp\/v2\/pages\/11044\/revisions"}],"up":[{"embeddable":true,"href":"https:\/\/www.forlivinginterior.ch\/de\/wp-json\/wp\/v2\/pages\/11234"}],"wp:attachment":[{"href":"https:\/\/www.forlivinginterior.ch\/de\/wp-json\/wp\/v2\/media?parent=11044"}],"curies":[{"name":"wp","href":"https:\/\/api.w.org\/{rel}","templated":true}]}}